{"id":13446,"date":"2017-12-19T10:16:46","date_gmt":"2017-12-19T10:16:46","guid":{"rendered":"http:\/\/www.kami-profit.sk\/?page_id=13446\/"},"modified":"2017-12-20T19:38:41","modified_gmt":"2017-12-20T19:38:41","slug":"kundenfragebogen-zufriedenheit-des-kunden","status":"publish","type":"page","link":"https:\/\/www.kami-profit.sk\/de\/oeffentlichkeitsarbeit\/kundenfragebogen-zufriedenheit-des-kunden\/","title":{"rendered":"Kundenfragebogen"},"content":{"rendered":"<h4>Zufriedenheit des Kunden<\/h4>\n<p>Geehrter Kunde, gem\u00e4\u00df dem eingef\u00fchrten System des integrierten Qualit\u00e4tsmanagements, des Gesundheitsschutzes und der Sicherheit der Arbeitsbedingungen und der Umwelt und im Interesse eines bestm\u00f6glichen Kundenservices suchen wir st\u00e4ndig nach Vorschl\u00e4gen, wie man die Zusammenarbeit und die Kommunikation mit Ihnen verbessern k\u00f6nnte. Wir versuchen die Qualit\u00e4t von unseren Arbeiten und Dienstleistungen stets zu verbessern um damit Ihre Bed\u00fcrfnisse zu erf\u00fcllen. Es ist f\u00fcr uns wichtig zu wissen, was Sie denken und deswegen m\u00f6chten wir Sie h\u00f6flich bitten, diesen Fragebogen auszuf\u00fcllen.<\/p>\n<div class=\"wpcf7 no-js\" id=\"wpcf7-f13444-o1\" lang=\"de-DE\" dir=\"ltr\" data-wpcf7-id=\"13444\">\n<div class=\"screen-reader-response\">\n<p role=\"status\" aria-live=\"polite\" aria-atomic=\"true\">\n<ul><\/ul>\n<\/div>\n<form action=\"\/de\/wp-json\/wp\/v2\/pages\/13446#wpcf7-f13444-o1\" method=\"post\" class=\"wpcf7-form init\" aria-label=\"Kontaktformular\" novalidate=\"novalidate\" data-status=\"init\">\n<div style=\"display: none;\">\n<input type=\"hidden\" name=\"_wpcf7\" value=\"13444\" \/><br \/>\n<input type=\"hidden\" name=\"_wpcf7_version\" value=\"6.0.3\" \/><br \/>\n<input type=\"hidden\" name=\"_wpcf7_locale\" value=\"de_DE\" \/><br \/>\n<input type=\"hidden\" name=\"_wpcf7_unit_tag\" value=\"wpcf7-f13444-o1\" \/><br \/>\n<input type=\"hidden\" name=\"_wpcf7_container_post\" value=\"0\" \/><br \/>\n<input type=\"hidden\" name=\"_wpcf7_posted_data_hash\" value=\"\" \/><br \/>\n<input type=\"hidden\" name=\"_wpcf7cf_hidden_group_fields\" value=\"[]\" \/><br \/>\n<input type=\"hidden\" name=\"_wpcf7cf_hidden_groups\" value=\"[]\" \/><br \/>\n<input type=\"hidden\" name=\"_wpcf7cf_visible_groups\" value=\"[]\" \/><br \/>\n<input type=\"hidden\" name=\"_wpcf7cf_repeaters\" value=\"[]\" \/><br \/>\n<input type=\"hidden\" name=\"_wpcf7cf_steps\" value=\"{}\" \/><br \/>\n<input type=\"hidden\" name=\"_wpcf7cf_options\" value=\"{&quot;form_id&quot;:13444,&quot;conditions&quot;:[],&quot;settings&quot;:{&quot;animation&quot;:&quot;yes&quot;,&quot;animation_intime&quot;:200,&quot;animation_outtime&quot;:200,&quot;conditions_ui&quot;:&quot;normal&quot;,&quot;notice_dismissed&quot;:false}}\" \/>\n<\/div>\n<p><strong>Kundeninformationen<\/strong>\n<\/p>\n<div class=\"labelleft\">\n<p><label>Gesch\u00e4ftsname:<\/label><span class=\"wpcf7-form-control-wrap\" data-name=\"obchmeno\"><input size=\"40\" maxlength=\"400\" class=\"wpcf7-form-control wpcf7-text\" aria-invalid=\"false\" value=\"\" type=\"text\" name=\"obchmeno\" \/><\/span><br \/>\n<label>Sitz (Stra\u00dfe, Stadt, PLZ):<\/label><span class=\"wpcf7-form-control-wrap\" data-name=\"adresa\"><input size=\"40\" maxlength=\"400\" class=\"wpcf7-form-control wpcf7-text\" aria-invalid=\"false\" value=\"\" type=\"text\" name=\"adresa\" \/><\/span><br \/>\n<label>Kontaktperson:<\/label><span class=\"wpcf7-form-control-wrap\" data-name=\"kontaktnaosoba\"><input size=\"40\" maxlength=\"400\" class=\"wpcf7-form-control wpcf7-text\" aria-invalid=\"false\" value=\"\" type=\"text\" name=\"kontaktnaosoba\" \/><\/span><br \/>\n<label>Telefon:<\/label><span class=\"wpcf7-form-control-wrap\" data-name=\"telefon\"><input size=\"40\" maxlength=\"400\" class=\"wpcf7-form-control wpcf7-text\" aria-invalid=\"false\" value=\"\" type=\"text\" name=\"telefon\" \/><\/span><br \/>\n<label>E-mail*:<\/label><span class=\"wpcf7-form-control-wrap\" data-name=\"email\"><input size=\"40\" maxlength=\"400\" class=\"wpcf7-form-control wpcf7-email wpcf7-validates-as-required wpcf7-text wpcf7-validates-as-email\" aria-required=\"true\" aria-invalid=\"false\" value=\"\" type=\"email\" name=\"email\" \/><\/span><br \/>\n<label>Name der Arbeitsstelle:<\/label><span class=\"wpcf7-form-control-wrap\" data-name=\"pracovisko\"><input size=\"40\" maxlength=\"400\" class=\"wpcf7-form-control wpcf7-text\" aria-invalid=\"false\" value=\"\" type=\"text\" name=\"pracovisko\" \/><\/span>\n\t<\/p>\n<\/div>\n<div class=\"clear\">\n<\/div>\n<div class=\"dotcont\">\n<p><label><strong>1. Waren Sie mit dem Verhalten unserer Angestellten zufrieden \u2013 Kommunikation, fachkundig, ...?<\/strong><\/label><br \/>\n<span class=\"wpcf7-form-control-wrap\" data-name=\"radiopostuppracovnikov\"><span class=\"wpcf7-form-control wpcf7-radio\"><span class=\"wpcf7-list-item first\"><input type=\"radio\" name=\"radiopostuppracovnikov\" value=\"Sehr zufrieden\" \/><span class=\"wpcf7-list-item-label\">Sehr zufrieden<\/span><\/span><span class=\"wpcf7-list-item\"><input type=\"radio\" name=\"radiopostuppracovnikov\" value=\"Zufrieden\" \/><span class=\"wpcf7-list-item-label\">Zufrieden<\/span><\/span><span class=\"wpcf7-list-item\"><input type=\"radio\" name=\"radiopostuppracovnikov\" value=\"Unzufrieden\" \/><span class=\"wpcf7-list-item-label\">Unzufrieden<\/span><\/span><span class=\"wpcf7-list-item\"><input type=\"radio\" name=\"radiopostuppracovnikov\" value=\"Sehr unzufrieden\" \/><span class=\"wpcf7-list-item-label\">Sehr unzufrieden<\/span><\/span><span class=\"wpcf7-list-item last\"><input type=\"radio\" name=\"radiopostuppracovnikov\" value=\"Kann ich nicht beurteilen\" \/><span class=\"wpcf7-list-item-label\">Kann ich nicht beurteilen<\/span><\/span><\/span><\/span>\n\t<\/p>\n<div class=\"clear\">\n\t<\/div>\n<\/div>\n<div class=\"dotcont\">\n<p><label><strong>2. Waren Sie mit der Einhaltung von Terminen und Zeitpl\u00e4nen zufrieden?<\/strong><\/label><br \/>\n<span class=\"wpcf7-form-control-wrap\" data-name=\"radioterminy\"><span class=\"wpcf7-form-control wpcf7-radio\"><span class=\"wpcf7-list-item first\"><input type=\"radio\" name=\"radioterminy\" value=\"Sehr zufrieden\" \/><span class=\"wpcf7-list-item-label\">Sehr zufrieden<\/span><\/span><span class=\"wpcf7-list-item\"><input type=\"radio\" name=\"radioterminy\" value=\"Zufrieden\" \/><span class=\"wpcf7-list-item-label\">Zufrieden<\/span><\/span><span class=\"wpcf7-list-item\"><input type=\"radio\" name=\"radioterminy\" value=\"Unzufrieden\" \/><span class=\"wpcf7-list-item-label\">Unzufrieden<\/span><\/span><span class=\"wpcf7-list-item\"><input type=\"radio\" name=\"radioterminy\" value=\"Sehr unzufrieden\" \/><span class=\"wpcf7-list-item-label\">Sehr unzufrieden<\/span><\/span><span class=\"wpcf7-list-item last\"><input type=\"radio\" name=\"radioterminy\" value=\"Kann ich nicht beurteilen\" \/><span class=\"wpcf7-list-item-label\">Kann ich nicht beurteilen<\/span><\/span><\/span><\/span>\n\t<\/p>\n<div class=\"clear\">\n\t<\/div>\n<\/div>\n<div class=\"dotcont\">\n<p><label><strong>3. Waren Sie mit der Kommunikation mit der Kontaktperson zufrieden \u2013 Bauleiter, Baumeister...?<\/strong><\/label><br \/>\n<span class=\"wpcf7-form-control-wrap\" data-name=\"radiostavbyveduci\"><span class=\"wpcf7-form-control wpcf7-radio\"><span class=\"wpcf7-list-item first\"><input type=\"radio\" name=\"radiostavbyveduci\" value=\"Sehr zufrieden\" \/><span class=\"wpcf7-list-item-label\">Sehr zufrieden<\/span><\/span><span class=\"wpcf7-list-item\"><input type=\"radio\" name=\"radiostavbyveduci\" value=\"Zufrieden\" \/><span class=\"wpcf7-list-item-label\">Zufrieden<\/span><\/span><span class=\"wpcf7-list-item\"><input type=\"radio\" name=\"radiostavbyveduci\" value=\"Unzufrieden\" \/><span class=\"wpcf7-list-item-label\">Unzufrieden<\/span><\/span><span class=\"wpcf7-list-item\"><input type=\"radio\" name=\"radiostavbyveduci\" value=\"Sehr unzufrieden\" \/><span class=\"wpcf7-list-item-label\">Sehr unzufrieden<\/span><\/span><span class=\"wpcf7-list-item last\"><input type=\"radio\" name=\"radiostavbyveduci\" value=\"Kann ich nicht beurteilen\" \/><span class=\"wpcf7-list-item-label\">Kann ich nicht beurteilen<\/span><\/span><\/span><\/span>\n\t<\/p>\n<div class=\"clear\">\n\t<\/div>\n<\/div>\n<div class=\"dotcont\">\n<p><label><strong>4. Waren Sie mit der L\u00f6sung von Problemen, zu denen es w\u00e4hrend der Arbeiten gekommen ist zufrieden?<\/strong><\/label><br \/>\n<span class=\"wpcf7-form-control-wrap\" data-name=\"radioprace\"><span class=\"wpcf7-form-control wpcf7-radio\"><span class=\"wpcf7-list-item first\"><input type=\"radio\" name=\"radioprace\" value=\"Sehr zufrieden\" \/><span class=\"wpcf7-list-item-label\">Sehr zufrieden<\/span><\/span><span class=\"wpcf7-list-item\"><input type=\"radio\" name=\"radioprace\" value=\"Zufrieden\" \/><span class=\"wpcf7-list-item-label\">Zufrieden<\/span><\/span><span class=\"wpcf7-list-item\"><input type=\"radio\" name=\"radioprace\" value=\"Unzufrieden\" \/><span class=\"wpcf7-list-item-label\">Unzufrieden<\/span><\/span><span class=\"wpcf7-list-item\"><input type=\"radio\" name=\"radioprace\" value=\"Sehr unzufrieden\" \/><span class=\"wpcf7-list-item-label\">Sehr unzufrieden<\/span><\/span><span class=\"wpcf7-list-item last\"><input type=\"radio\" name=\"radioprace\" value=\"Kann ich nicht beurteilen\" \/><span class=\"wpcf7-list-item-label\">Kann ich nicht beurteilen<\/span><\/span><\/span><\/span>\n\t<\/p>\n<div class=\"clear\">\n\t<\/div>\n<\/div>\n<div class=\"dotcont\">\n<p><label><strong>5. Waren Sie mit der Qualit\u00e4t der durchgef\u00fchrten Arbeiten zufrieden?<\/strong><\/label><br \/>\n<span class=\"wpcf7-form-control-wrap\" data-name=\"radiokvalita\"><span class=\"wpcf7-form-control wpcf7-radio\"><span class=\"wpcf7-list-item first\"><input type=\"radio\" name=\"radiokvalita\" value=\"Sehr zufrieden\" \/><span class=\"wpcf7-list-item-label\">Sehr zufrieden<\/span><\/span><span class=\"wpcf7-list-item\"><input type=\"radio\" name=\"radiokvalita\" value=\"Zufrieden\" \/><span class=\"wpcf7-list-item-label\">Zufrieden<\/span><\/span><span class=\"wpcf7-list-item\"><input type=\"radio\" name=\"radiokvalita\" value=\"Unzufrieden\" \/><span class=\"wpcf7-list-item-label\">Unzufrieden<\/span><\/span><span class=\"wpcf7-list-item\"><input type=\"radio\" name=\"radiokvalita\" value=\"Sehr unzufrieden\" \/><span class=\"wpcf7-list-item-label\">Sehr unzufrieden<\/span><\/span><span class=\"wpcf7-list-item last\"><input type=\"radio\" name=\"radiokvalita\" value=\"Kann ich nicht beurteilen\" \/><span class=\"wpcf7-list-item-label\">Kann ich nicht beurteilen<\/span><\/span><\/span><\/span>\n\t<\/p>\n<div class=\"clear\">\n\t<\/div>\n<\/div>\n<div class=\"dotcont\">\n<p><label><strong>6. Waren Sie mit der Einhaltung von Prinzipien des Gesundheitsschutzes und der Sicherheit der Arbeitsbedingungen, des Umweltschutzes, mit der Sauberkeit und Ordnung auf der Baustelle w\u00e4hrend und nach dem Ende der Arbeiten zufrieden?<\/strong><\/label><br \/>\n<span class=\"wpcf7-form-control-wrap\" data-name=\"radiobozp\"><span class=\"wpcf7-form-control wpcf7-radio\"><span class=\"wpcf7-list-item first\"><input type=\"radio\" name=\"radiobozp\" value=\"Sehr zufrieden\" \/><span class=\"wpcf7-list-item-label\">Sehr zufrieden<\/span><\/span><span class=\"wpcf7-list-item\"><input type=\"radio\" name=\"radiobozp\" value=\"Zufrieden\" \/><span class=\"wpcf7-list-item-label\">Zufrieden<\/span><\/span><span class=\"wpcf7-list-item\"><input type=\"radio\" name=\"radiobozp\" value=\"Unzufrieden\" \/><span class=\"wpcf7-list-item-label\">Unzufrieden<\/span><\/span><span class=\"wpcf7-list-item\"><input type=\"radio\" name=\"radiobozp\" value=\"Sehr unzufrieden\" \/><span class=\"wpcf7-list-item-label\">Sehr unzufrieden<\/span><\/span><span class=\"wpcf7-list-item last\"><input type=\"radio\" name=\"radiobozp\" value=\"Kann ich nicht beurteilen\" \/><span class=\"wpcf7-list-item-label\">Kann ich nicht beurteilen<\/span><\/span><\/span><\/span>\n\t<\/p>\n<div class=\"clear\">\n\t<\/div>\n<\/div>\n<div class=\"dotcont\">\n<p><label><strong>7. Waren Sie mit der Erf\u00fcllung von Anforderungen, die \u00fcber dem Rahmen des Gegenstands des Werks waren \u2013 Flexibilit\u00e4t, Qualit\u00e4t, Tempo ... zufrieden?<\/strong><\/label><br \/>\n<span class=\"wpcf7-form-control-wrap\" data-name=\"radiopoziadavky\"><span class=\"wpcf7-form-control wpcf7-radio\"><span class=\"wpcf7-list-item first\"><input type=\"radio\" name=\"radiopoziadavky\" value=\"Sehr zufrieden\" \/><span class=\"wpcf7-list-item-label\">Sehr zufrieden<\/span><\/span><span class=\"wpcf7-list-item\"><input type=\"radio\" name=\"radiopoziadavky\" value=\"Zufrieden\" \/><span class=\"wpcf7-list-item-label\">Zufrieden<\/span><\/span><span class=\"wpcf7-list-item\"><input type=\"radio\" name=\"radiopoziadavky\" value=\"Unzufrieden\" \/><span class=\"wpcf7-list-item-label\">Unzufrieden<\/span><\/span><span class=\"wpcf7-list-item\"><input type=\"radio\" name=\"radiopoziadavky\" value=\"Sehr unzufrieden\" \/><span class=\"wpcf7-list-item-label\">Sehr unzufrieden<\/span><\/span><span class=\"wpcf7-list-item last\"><input type=\"radio\" name=\"radiopoziadavky\" value=\"Kann ich nicht beurteilen\" \/><span class=\"wpcf7-list-item-label\">Kann ich nicht beurteilen<\/span><\/span><\/span><\/span>\n\t<\/p>\n<div class=\"clear\">\n\t<\/div>\n<\/div>\n<div class=\"dotcont\">\n<p><label><strong>8. Vorschl\u00e4ge zu Verbesserungen oder ein m\u00f6glicher Vergleich mit der Konkurenz.<\/strong><\/label><br \/>\n<span class=\"wpcf7-form-control-wrap\" data-name=\"namety\"><textarea cols=\"40\" rows=\"10\" maxlength=\"2000\" class=\"wpcf7-form-control wpcf7-textarea\" aria-invalid=\"false\" name=\"namety\"><\/textarea><\/span>\n\t<\/p>\n<div class=\"clear\">\n\t<\/div>\n<\/div>\n<div class=\"clear\">\n<\/div>\n<p><small>* - pflichtig<\/small>\n<\/p>\n<div class=\"clear\">\n<\/div>\n<div class=\"dotcont\">\n<p>[recaptcha]\n\t<\/p>\n<\/div>\n<div class=\"clear\">\n<\/div>\n<div class=\"cf7-cf-turnstile\" style=\"margin-top: 0px; margin-bottom: -15px;\">\n<div id=\"cf-turnstile-cf7-2653786299\" class=\"cf-turnstile\" data-sitekey=\"0x4AAAAAAAC4xFtOoMPI2QVu\" data-theme=\"light\" data-language=\"auto\" data-size=\"normal\" data-retry=\"auto\" data-retry-interval=\"1000\" data-action=\"contact-form-7\" data-appearance=\"always\"><\/div>\n<p> <script>document.addEventListener(\"DOMContentLoaded\",(function(){var e=document.getElementById(\"cf-turnstile-cf7-2653786299\");e&&!e.innerHTML.trim()&&(turnstile.remove(\"#cf-turnstile-cf7-2653786299\"),turnstile.render(\"#cf-turnstile-cf7-2653786299\",{sitekey:\"0x4AAAAAAAC4xFtOoMPI2QVu\"}))}));<\/script> <br class=\"cf-turnstile-br cf-turnstile-br-cf7-2653786299\"> <\/p>\n<style>#cf-turnstile-cf7-2653786299 { margin-left: -15px; }<\/style>\n<p> <script>document.addEventListener(\"DOMContentLoaded\",function(){document.querySelectorAll('.wpcf7-form').forEach(function(e){e.addEventListener('submit',function(){if(document.getElementById('cf-turnstile-cf7-2653786299')){setTimeout(function(){turnstile.reset('#cf-turnstile-cf7-2653786299');},1000)}})})});<\/script> <\/div>\n<p><input class=\"wpcf7-form-control wpcf7-submit has-spinner\" id=\"btnsubmit\" type=\"submit\" value=\"Senden\" \/>\n<\/p>\n<div class=\"clear\">\n<\/div>\n<div class=\"wpcf7-response-output\" aria-hidden=\"true\"><\/div>\n<\/form>\n<\/div>\n<p>Hinweis: Die Informationen, die Sie hier anf\u00fchren, werden ausschlie\u00dflich zum internen Zweck der Gesellschaft KAMI PROFIT, GmbH dienen und werden nicht an dritte Personen weitergegeben.<\/p>\n<p>Wir bedanken uns bei Ihnen f\u00fcr Ihr Feedback, mit dem Sie uns helfen, die Qualit\u00e4t unserer Dienstleistungen zu verbessern.<\/p>\n","protected":false},"excerpt":{"rendered":"<p>Zufriedenheit des Kunden Geehrter Kunde, gem\u00e4\u00df dem eingef\u00fchrten System des integrierten Qualit\u00e4tsmanagements, des Gesundheitsschutzes und der Sicherheit der Arbeitsbedingungen und der Umwelt und im Interesse eines bestm\u00f6glichen [&#8230;]<\/p>\n","protected":false},"author":1,"featured_media":0,"parent":9647,"menu_order":3,"comment_status":"closed","ping_status":"closed","template":"sponzoring.php","meta":{"ngg_post_thumbnail":0,"footnotes":""},"class_list":["post-13446","page","type-page","status-publish","hentry"],"aioseo_notices":[],"meta_box":{"_profile_group_item":[]},"_links":{"self":[{"href":"https:\/\/www.kami-profit.sk\/de\/wp-json\/wp\/v2\/pages\/13446","targetHints":{"allow":["GET"]}}],"collection":[{"href":"https:\/\/www.kami-profit.sk\/de\/wp-json\/wp\/v2\/pages"}],"about":[{"href":"https:\/\/www.kami-profit.sk\/de\/wp-json\/wp\/v2\/types\/page"}],"author":[{"embeddable":true,"href":"https:\/\/www.kami-profit.sk\/de\/wp-json\/wp\/v2\/users\/1"}],"replies":[{"embeddable":true,"href":"https:\/\/www.kami-profit.sk\/de\/wp-json\/wp\/v2\/comments?post=13446"}],"version-history":[{"count":2,"href":"https:\/\/www.kami-profit.sk\/de\/wp-json\/wp\/v2\/pages\/13446\/revisions"}],"predecessor-version":[{"id":13448,"href":"https:\/\/www.kami-profit.sk\/de\/wp-json\/wp\/v2\/pages\/13446\/revisions\/13448"}],"up":[{"embeddable":true,"href":"https:\/\/www.kami-profit.sk\/de\/wp-json\/wp\/v2\/pages\/9647"}],"wp:attachment":[{"href":"https:\/\/www.kami-profit.sk\/de\/wp-json\/wp\/v2\/media?parent=13446"}],"curies":[{"name":"wp","href":"https:\/\/api.w.org\/{rel}","templated":true}]}}