{"id":1680,"date":"2012-03-12T18:30:05","date_gmt":"2012-03-12T18:30:05","guid":{"rendered":"http:\/\/www.kami-profit.sk\/?page_id=1680"},"modified":"2021-01-14T08:23:05","modified_gmt":"2021-01-14T08:23:05","slug":"karriere","status":"publish","type":"page","link":"https:\/\/www.kami-profit.sk\/de\/karriere\/","title":{"rendered":"Karriere"},"content":{"rendered":"<h3>Werden Sie zum Mitglied unseres Teams<\/h3>\n<p>&nbsp;<\/p>\n<p>W\u00e4hlen Sie eine der freien Positionen<\/p>\n<p><img loading=\"lazy\" decoding=\"async\" class=\"alignnone wp-image-18047\" src=\"http:\/\/www.kami-profit.sk\/wp-content\/uploads\/2012\/03\/IMG_7917-1-300x198.jpg\" alt=\"\" width=\"292\" height=\"193\" srcset=\"https:\/\/www.kami-profit.sk\/wp-content\/uploads\/2012\/03\/IMG_7917-1-300x198.jpg 300w, https:\/\/www.kami-profit.sk\/wp-content\/uploads\/2012\/03\/IMG_7917-1-768x508.jpg 768w, https:\/\/www.kami-profit.sk\/wp-content\/uploads\/2012\/03\/IMG_7917-1-1024x677.jpg 1024w, https:\/\/www.kami-profit.sk\/wp-content\/uploads\/2012\/03\/IMG_7917-1-150x99.jpg 150w, https:\/\/www.kami-profit.sk\/wp-content\/uploads\/2012\/03\/IMG_7917-1-454x300.jpg 454w\" sizes=\"auto, (max-width: 292px) 100vw, 292px\" \/>&nbsp; &nbsp;<img loading=\"lazy\" decoding=\"async\" class=\"alignnone size-medium wp-image-18049\" src=\"http:\/\/www.kami-profit.sk\/wp-content\/uploads\/2012\/03\/logo-400x200-02-300x150.png\" alt=\"\" width=\"300\" height=\"150\" srcset=\"https:\/\/www.kami-profit.sk\/wp-content\/uploads\/2012\/03\/logo-400x200-02-300x150.png 300w, https:\/\/www.kami-profit.sk\/wp-content\/uploads\/2012\/03\/logo-400x200-02-150x75.png 150w, https:\/\/www.kami-profit.sk\/wp-content\/uploads\/2012\/03\/logo-400x200-02.png 400w\" sizes=\"auto, (max-width: 300px) 100vw, 300px\" \/>&nbsp; &nbsp; &nbsp;&nbsp;<img loading=\"lazy\" decoding=\"async\" class=\"alignnone wp-image-18050\" src=\"http:\/\/www.kami-profit.sk\/wp-content\/uploads\/2012\/03\/IMG_7915-300x200.jpg\" alt=\"\" width=\"288\" height=\"192\" srcset=\"https:\/\/www.kami-profit.sk\/wp-content\/uploads\/2012\/03\/IMG_7915-300x200.jpg 300w, https:\/\/www.kami-profit.sk\/wp-content\/uploads\/2012\/03\/IMG_7915-768x512.jpg 768w, https:\/\/www.kami-profit.sk\/wp-content\/uploads\/2012\/03\/IMG_7915-1024x683.jpg 1024w, https:\/\/www.kami-profit.sk\/wp-content\/uploads\/2012\/03\/IMG_7915-150x100.jpg 150w, https:\/\/www.kami-profit.sk\/wp-content\/uploads\/2012\/03\/IMG_7915-450x300.jpg 450w\" sizes=\"auto, (max-width: 288px) 100vw, 288px\" \/><\/p>\n<p><img loading=\"lazy\" decoding=\"async\" src=\"http:\/\/cache4.asset-cache.net\/xt\/131990031.jpg?v=1&amp;g=fs1%7C0%7CEPL%7C90%7C031&amp;s=1\" alt=\"\" width=\"229\" height=\"151\"><\/p>\n<p><span style=\"font-size: 12pt;\">AKTUELLE FREIE POSITIONEN&nbsp;<\/span><\/p>\n<p>&nbsp;<\/p>\n<p><strong style=\"font-size: small;\">POSITION &nbsp; &nbsp; &nbsp; &nbsp; &nbsp; &nbsp; &nbsp; &nbsp; &nbsp; &nbsp; &nbsp; &nbsp; &nbsp; &nbsp; &nbsp; &nbsp; &nbsp; &nbsp; &nbsp; &nbsp; &nbsp; &nbsp; &nbsp; &nbsp; &nbsp; &nbsp; &nbsp; &nbsp; &nbsp; &nbsp; &nbsp; &nbsp;&nbsp;ARBEITSORT &nbsp; &nbsp; &nbsp; &nbsp; &nbsp; &nbsp; &nbsp; &nbsp; &nbsp; &nbsp; &nbsp; &nbsp; &nbsp; &nbsp; &nbsp; &nbsp; &nbsp; &nbsp; &nbsp; &nbsp; &nbsp; &nbsp; &nbsp; &nbsp; &nbsp; &nbsp; &nbsp; &nbsp;Datum&nbsp;&nbsp;der&nbsp;<\/strong><span style=\"font-size: 10pt;\"><strong>Ver\u00f6ffentlichung<\/strong><\/span><\/p>\n<hr>\n<p>Cost Estimator&nbsp; &nbsp; &nbsp; &nbsp; &nbsp; &nbsp; &nbsp; &nbsp; &nbsp; &nbsp; &nbsp; &nbsp; &nbsp; &nbsp; &nbsp; &nbsp; &nbsp; &nbsp; &nbsp; &nbsp; &nbsp; &nbsp; &nbsp; &nbsp; &nbsp; &nbsp; &nbsp; &nbsp; Bratislava&nbsp; &nbsp; &nbsp; &nbsp; &nbsp; &nbsp; &nbsp; &nbsp; &nbsp; &nbsp; &nbsp; &nbsp; &nbsp; &nbsp; &nbsp; &nbsp; &nbsp; &nbsp; &nbsp; &nbsp; &nbsp; &nbsp; &nbsp; &nbsp; &nbsp; &nbsp; &nbsp; 22.12. 2020<\/p>\n<hr>\n<p>Junior Cost Estimator&nbsp; &nbsp; &nbsp; &nbsp; &nbsp; &nbsp; &nbsp; &nbsp; &nbsp; &nbsp; &nbsp; &nbsp; &nbsp; &nbsp; &nbsp; &nbsp; &nbsp; &nbsp; &nbsp; &nbsp; &nbsp; &nbsp; Bratislava&nbsp; &nbsp; &nbsp; &nbsp; &nbsp; &nbsp; &nbsp; &nbsp; &nbsp; &nbsp; &nbsp; &nbsp; &nbsp; &nbsp; &nbsp; &nbsp; &nbsp; &nbsp; &nbsp; &nbsp; &nbsp; &nbsp; &nbsp; &nbsp; &nbsp; &nbsp; &nbsp; &nbsp;12.01.2020<\/p>\n<hr>\n<p>Public procurement specialist&nbsp; &nbsp; &nbsp; &nbsp; &nbsp; &nbsp; &nbsp; &nbsp; &nbsp; &nbsp; &nbsp; &nbsp; &nbsp; &nbsp; &nbsp;Bratislava&nbsp; &nbsp; &nbsp; &nbsp; &nbsp; &nbsp; &nbsp; &nbsp; &nbsp; &nbsp; &nbsp; &nbsp; &nbsp; &nbsp; &nbsp; &nbsp; &nbsp; &nbsp; &nbsp; &nbsp; &nbsp; &nbsp; &nbsp; &nbsp; &nbsp; &nbsp; &nbsp; &nbsp;04. 01. 2021&nbsp;<\/p>\n<hr>\n<p>Assistant&nbsp;&nbsp; &nbsp; &nbsp; &nbsp; &nbsp; &nbsp; &nbsp; &nbsp; &nbsp; &nbsp; &nbsp; &nbsp; &nbsp; &nbsp; &nbsp; &nbsp; &nbsp; &nbsp; &nbsp; &nbsp; &nbsp; &nbsp; &nbsp; &nbsp; &nbsp; &nbsp; &nbsp; &nbsp; &nbsp; &nbsp; &nbsp; &nbsp; &nbsp; Bratislava&nbsp; &nbsp; &nbsp; &nbsp; &nbsp; &nbsp; &nbsp; &nbsp; &nbsp; &nbsp; &nbsp; &nbsp; &nbsp; &nbsp; &nbsp; &nbsp; &nbsp; &nbsp; &nbsp; &nbsp; &nbsp; &nbsp; &nbsp; &nbsp; &nbsp; &nbsp; &nbsp; &nbsp;04. 01. 2021<\/p>\n<hr>\n<p>Accountant&nbsp; &nbsp; &nbsp; &nbsp; &nbsp; &nbsp; &nbsp; &nbsp; &nbsp; &nbsp; &nbsp; &nbsp; &nbsp; &nbsp; &nbsp; &nbsp; &nbsp; &nbsp; &nbsp; &nbsp; &nbsp; &nbsp; &nbsp; &nbsp; &nbsp; &nbsp; &nbsp; &nbsp; &nbsp; &nbsp; &nbsp; Bratislava&nbsp; &nbsp; &nbsp; &nbsp; &nbsp; &nbsp; &nbsp; &nbsp; &nbsp; &nbsp; &nbsp; &nbsp; &nbsp; &nbsp; &nbsp; &nbsp; &nbsp; &nbsp; &nbsp; &nbsp; &nbsp; &nbsp; &nbsp; &nbsp; &nbsp; &nbsp; &nbsp; &nbsp;04. 01. 2021<\/p>\n<hr>\n<p>IT specialist &#8211; support&nbsp; &nbsp; &nbsp; &nbsp; &nbsp; &nbsp; &nbsp; &nbsp; &nbsp; &nbsp; &nbsp; &nbsp; &nbsp; &nbsp; &nbsp; &nbsp; &nbsp; &nbsp; &nbsp; &nbsp; &nbsp; &nbsp; Bratislava&nbsp; &nbsp; &nbsp; &nbsp; &nbsp; &nbsp; &nbsp; &nbsp; &nbsp; &nbsp; &nbsp; &nbsp; &nbsp; &nbsp; &nbsp; &nbsp; &nbsp; &nbsp; &nbsp; &nbsp; &nbsp; &nbsp; &nbsp; &nbsp; &nbsp; &nbsp; &nbsp; 04. 01. 2021<\/p>\n<hr>\n<p>&nbsp;<\/p>\n<p>Falls Sie Interesse haben, senden&nbsp; Sie Ihren Lebenslauf und Ihr Bewerbungsschreiben an: <a href=\"mailto:personalne@kami-profit.sk\">personalne@kami-profit.sk<\/a>.<\/p>\n<p><span style=\"font-size: 14pt;\"><strong>Haben Sie keine geeignete Position gefunden?<\/strong><\/span><\/p>\n<p>Falls keine von den angebotenen Stellen Ihr Interesse geweckt hat und Sie f\u00fcr die Gesellschaft KAMI PROFIT, GmbH arbeiten m\u00f6chten, k\u00f6nnen Sie sich in unsere Datenbank eintragen, indem Sie uns Ihren Lebenslauf und Ihr Bewerbungsschreiben an <a href=\"mailto:personalne@kami-profit.sk\">personalne@kami-profit.sk<\/a> senden. In Ihrem eigenen Interesse bitten wir Sie darum, so viele Informationen wie m\u00f6glich \u00fcber sich anzugeben. Damit steigen auch Ihre Chancen, zum Bewerbungsgespr\u00e4ch eingeladen zu werden. Im Falle einer neuen Arbeitsstelle werden die Kandidaten angesprochen, die am besten die Anforderungen der Arbeitsstelle erf\u00fcllen.<\/p>\n<p>Wir bedanken uns bei allen Kandidaten f\u00fcr Ihr Interesse, in der Gesellschaft KAMI PROFIT, GmbH zu arbeiten. Alle Unterlagen, die Sie uns senden, werden gem\u00e4\u00df dem Gesetz \u00fcber personenbezogene Daten verarbeitet.<\/p>\n<p><span style=\"font-size: 14pt;\"><strong>Warum sollte ich bei der Gesellschaft KAMI PROFIT, GmbH, arbeiten?<\/strong><\/span><\/p>\n<p>KAMI PROFIT, GmbH ist eine dynamische und aufstrebende Gesellschaft, die Projektmanagement und Controlling, Bauaufsicht, als auch Vorbereitung und Realisation der Bauwerke im Gebiet der Geb\u00e4ude-, Verkehrs- und Ingenieurprojekte leistet. Die Gesellschaft legt gro\u00dfen Wert auf Verantwortung, professionelle Einstellung und Zufriedenheit der Klienten.<\/p>\n<p>Das Team besteht aus Fachleuten, die bereit sind, die anspruchsvollsten Anforderungen der Kunden zu erf\u00fcllen. Wir suchen deswegen Kollegen, die ergebnisorientiert sind, die sich entwickeln wollen und bereit sind, neue Kenntnisse und Erfahrung zu gewinnen, damit sie sich in dieser Weise an der Firmenentwicklung beteiligen. &nbsp;Wir bieten unseren Angestellten motivierende finanzielle Anerkennung und auch viele weitere Leistungen an den Arbeitnehmer.<\/p>\n<p>Verfolgen Sie uns auf LinkedIn und unserer Facebook Seite f\u00fcr mehr Informationen.<\/p>\n<p><strong>Sozialleistungen:<\/strong><\/p>\n<ul>\n<li>Firmenveranstaltungen<\/li>\n<li>Firmenwagen<\/li>\n<li>H\u00e4ndy<\/li>\n<li>Laptop<\/li>\n<li>Finanzielle Anerkennung das \u00fcber dem Standard liegt, Pr\u00e4mien f\u00fcr gewonnene Projekte<\/li>\n<li>Freigetr\u00e4nke \u2013 Kaffee, Tee, Mineralwasser \u2026<\/li>\n<li>Pr\u00e4mien bei Arbeitsjubil\u00e4en<\/li>\n<li>Parken am Arbeitsort<\/li>\n<li>Firmenveranstaltung Dni zdravia (Gesundheitstage)<\/li>\n<li>M\u00f6glichkeit von flexibler Arbeitszeit nach Vereinbarung<\/li>\n<li>berufliche und pers\u00f6nliche Weiterentwicklung<\/li>\n<\/ul>\n<p><strong>Auszeichnungen und Zertifikate der Firma:<\/strong><\/p>\n<ul>\n<li>3. Platz im Wettbewerb Zdrav\u00e1 firma roka 2019 (Gesunde Gesellschaft des Jahres 2019)<\/li>\n<li>1. Platz im internationalen Bauwettbewerb European Awards 2019<\/li>\n<li>6. Platz im Wettbewerb Zdrav\u00e1 firma roka 2018 (Gesunde Gesellschaft des Jahres 2018)<\/li>\n<li>2. Platz nach der Tageszeitung Trend im Wettbewerb der erfolgreichsten Firmen im Rahmen von Ingenieur-und Projektvorbereitung von Bauwerken 2015<\/li>\n<\/ul>\n<p>&nbsp;<\/p>\n<p><img loading=\"lazy\" decoding=\"async\" class=\"alignnone wp-image-20238\" src=\"http:\/\/www.kami-profit.sk\/wp-content\/uploads\/2012\/03\/PF_N5181-300x200.jpg\" alt=\"\" width=\"290\" height=\"193\" srcset=\"https:\/\/www.kami-profit.sk\/wp-content\/uploads\/2012\/03\/PF_N5181-300x200.jpg 300w, https:\/\/www.kami-profit.sk\/wp-content\/uploads\/2012\/03\/PF_N5181-768x512.jpg 768w, https:\/\/www.kami-profit.sk\/wp-content\/uploads\/2012\/03\/PF_N5181-1024x683.jpg 1024w, https:\/\/www.kami-profit.sk\/wp-content\/uploads\/2012\/03\/PF_N5181-150x100.jpg 150w, https:\/\/www.kami-profit.sk\/wp-content\/uploads\/2012\/03\/PF_N5181-450x300.jpg 450w\" sizes=\"auto, (max-width: 290px) 100vw, 290px\" \/>&nbsp;&nbsp;<img loading=\"lazy\" decoding=\"async\" class=\"alignnone wp-image-20241\" src=\"http:\/\/www.kami-profit.sk\/wp-content\/uploads\/2012\/03\/26804366_1738159742873669_8892809622318160976_n-300x225.jpg\" alt=\"\" width=\"255\" height=\"191\" srcset=\"https:\/\/www.kami-profit.sk\/wp-content\/uploads\/2012\/03\/26804366_1738159742873669_8892809622318160976_n-300x225.jpg 300w, https:\/\/www.kami-profit.sk\/wp-content\/uploads\/2012\/03\/26804366_1738159742873669_8892809622318160976_n-768x576.jpg 768w, https:\/\/www.kami-profit.sk\/wp-content\/uploads\/2012\/03\/26804366_1738159742873669_8892809622318160976_n-150x113.jpg 150w, https:\/\/www.kami-profit.sk\/wp-content\/uploads\/2012\/03\/26804366_1738159742873669_8892809622318160976_n-400x300.jpg 400w, https:\/\/www.kami-profit.sk\/wp-content\/uploads\/2012\/03\/26804366_1738159742873669_8892809622318160976_n.jpg 960w\" sizes=\"auto, (max-width: 255px) 100vw, 255px\" \/>&nbsp; &nbsp;<img loading=\"lazy\" decoding=\"async\" class=\"alignnone wp-image-20243\" src=\"http:\/\/www.kami-profit.sk\/wp-content\/uploads\/2012\/03\/laser_game-300x200.jpg\" alt=\"\" width=\"284\" height=\"189\" srcset=\"https:\/\/www.kami-profit.sk\/wp-content\/uploads\/2012\/03\/laser_game-300x200.jpg 300w, https:\/\/www.kami-profit.sk\/wp-content\/uploads\/2012\/03\/laser_game-768x512.jpg 768w, https:\/\/www.kami-profit.sk\/wp-content\/uploads\/2012\/03\/laser_game-150x100.jpg 150w, https:\/\/www.kami-profit.sk\/wp-content\/uploads\/2012\/03\/laser_game-450x300.jpg 450w, https:\/\/www.kami-profit.sk\/wp-content\/uploads\/2012\/03\/laser_game.jpg 960w\" sizes=\"auto, (max-width: 284px) 100vw, 284px\" \/>&nbsp;&nbsp;<img loading=\"lazy\" decoding=\"async\" class=\"alignnone wp-image-20246\" src=\"http:\/\/www.kami-profit.sk\/wp-content\/uploads\/2012\/03\/IMG_5813-300x200.jpg\" alt=\"\" width=\"282\" height=\"188\" srcset=\"https:\/\/www.kami-profit.sk\/wp-content\/uploads\/2012\/03\/IMG_5813-300x200.jpg 300w, https:\/\/www.kami-profit.sk\/wp-content\/uploads\/2012\/03\/IMG_5813-768x512.jpg 768w, https:\/\/www.kami-profit.sk\/wp-content\/uploads\/2012\/03\/IMG_5813-1024x683.jpg 1024w, https:\/\/www.kami-profit.sk\/wp-content\/uploads\/2012\/03\/IMG_5813-150x100.jpg 150w, https:\/\/www.kami-profit.sk\/wp-content\/uploads\/2012\/03\/IMG_5813-450x300.jpg 450w\" sizes=\"auto, (max-width: 282px) 100vw, 282px\" \/><\/p>\n<p><img loading=\"lazy\" decoding=\"async\" class=\"alignnone size-medium wp-image-20240\" src=\"http:\/\/www.kami-profit.sk\/wp-content\/uploads\/2012\/03\/01-2-300x183.jpg\" alt=\"\" width=\"300\" height=\"183\" srcset=\"https:\/\/www.kami-profit.sk\/wp-content\/uploads\/2012\/03\/01-2-300x183.jpg 300w, https:\/\/www.kami-profit.sk\/wp-content\/uploads\/2012\/03\/01-2-150x91.jpg 150w, https:\/\/www.kami-profit.sk\/wp-content\/uploads\/2012\/03\/01-2-493x300.jpg 493w, https:\/\/www.kami-profit.sk\/wp-content\/uploads\/2012\/03\/01-2.jpg 728w\" sizes=\"auto, (max-width: 300px) 100vw, 300px\" \/>&nbsp; &nbsp;&nbsp;<img loading=\"lazy\" decoding=\"async\" class=\"alignnone wp-image-20244\" src=\"http:\/\/www.kami-profit.sk\/wp-content\/uploads\/2012\/03\/43166135_2086229084733398_7218886404397334528_n-1-300x225.jpg\" alt=\"\" width=\"247\" height=\"185\" srcset=\"https:\/\/www.kami-profit.sk\/wp-content\/uploads\/2012\/03\/43166135_2086229084733398_7218886404397334528_n-1-300x225.jpg 300w, https:\/\/www.kami-profit.sk\/wp-content\/uploads\/2012\/03\/43166135_2086229084733398_7218886404397334528_n-1-768x576.jpg 768w, https:\/\/www.kami-profit.sk\/wp-content\/uploads\/2012\/03\/43166135_2086229084733398_7218886404397334528_n-1-150x113.jpg 150w, https:\/\/www.kami-profit.sk\/wp-content\/uploads\/2012\/03\/43166135_2086229084733398_7218886404397334528_n-1-400x300.jpg 400w, https:\/\/www.kami-profit.sk\/wp-content\/uploads\/2012\/03\/43166135_2086229084733398_7218886404397334528_n-1.jpg 960w\" sizes=\"auto, (max-width: 247px) 100vw, 247px\" \/>&nbsp; &nbsp;&nbsp;<img loading=\"lazy\" decoding=\"async\" class=\"alignnone wp-image-20245\" src=\"http:\/\/www.kami-profit.sk\/wp-content\/uploads\/2012\/03\/20190726_143751-300x225.jpg\" alt=\"\" width=\"243\" height=\"182\" srcset=\"https:\/\/www.kami-profit.sk\/wp-content\/uploads\/2012\/03\/20190726_143751-300x225.jpg 300w, https:\/\/www.kami-profit.sk\/wp-content\/uploads\/2012\/03\/20190726_143751.jpg 768w, https:\/\/www.kami-profit.sk\/wp-content\/uploads\/2012\/03\/20190726_143751-150x113.jpg 150w, https:\/\/www.kami-profit.sk\/wp-content\/uploads\/2012\/03\/20190726_143751-400x300.jpg 400w\" sizes=\"auto, (max-width: 243px) 100vw, 243px\" \/>&nbsp; &nbsp;<img loading=\"lazy\" decoding=\"async\" class=\"alignnone wp-image-20247\" src=\"http:\/\/www.kami-profit.sk\/wp-content\/uploads\/2012\/03\/kami-19dec19-0405-1024x683.jpeg\" alt=\"\" width=\"272\" height=\"181\" srcset=\"https:\/\/www.kami-profit.sk\/wp-content\/uploads\/2012\/03\/kami-19dec19-0405-1024x683.jpeg 1024w, https:\/\/www.kami-profit.sk\/wp-content\/uploads\/2012\/03\/kami-19dec19-0405-300x200.jpeg 300w, https:\/\/www.kami-profit.sk\/wp-content\/uploads\/2012\/03\/kami-19dec19-0405-768x512.jpeg 768w, https:\/\/www.kami-profit.sk\/wp-content\/uploads\/2012\/03\/kami-19dec19-0405-150x100.jpeg 150w, https:\/\/www.kami-profit.sk\/wp-content\/uploads\/2012\/03\/kami-19dec19-0405-450x300.jpeg 450w, https:\/\/www.kami-profit.sk\/wp-content\/uploads\/2012\/03\/kami-19dec19-0405.jpeg 1280w\" sizes=\"auto, (max-width: 272px) 100vw, 272px\" \/><\/p>\n<p><img loading=\"lazy\" decoding=\"async\" class=\"alignnone wp-image-20251\" src=\"http:\/\/www.kami-profit.sk\/wp-content\/uploads\/2012\/03\/IMG_8671-225x300.jpg\" alt=\"\" width=\"143\" height=\"190\" srcset=\"https:\/\/www.kami-profit.sk\/wp-content\/uploads\/2012\/03\/IMG_8671-225x300.jpg 225w, https:\/\/www.kami-profit.sk\/wp-content\/uploads\/2012\/03\/IMG_8671-768x1024.jpg 768w, https:\/\/www.kami-profit.sk\/wp-content\/uploads\/2012\/03\/IMG_8671-113x150.jpg 113w\" sizes=\"auto, (max-width: 143px) 100vw, 143px\" \/>&nbsp; &nbsp;&nbsp;<img loading=\"lazy\" decoding=\"async\" class=\"alignnone wp-image-20249\" src=\"http:\/\/www.kami-profit.sk\/wp-content\/uploads\/2012\/03\/IMG_1019-300x200.jpg\" alt=\"\" width=\"290\" height=\"194\" srcset=\"https:\/\/www.kami-profit.sk\/wp-content\/uploads\/2012\/03\/IMG_1019-300x200.jpg 300w, https:\/\/www.kami-profit.sk\/wp-content\/uploads\/2012\/03\/IMG_1019-768x512.jpg 768w, https:\/\/www.kami-profit.sk\/wp-content\/uploads\/2012\/03\/IMG_1019-1024x683.jpg 1024w, https:\/\/www.kami-profit.sk\/wp-content\/uploads\/2012\/03\/IMG_1019-150x100.jpg 150w, https:\/\/www.kami-profit.sk\/wp-content\/uploads\/2012\/03\/IMG_1019-450x300.jpg 450w\" sizes=\"auto, (max-width: 290px) 100vw, 290px\" \/>&nbsp; &nbsp; &nbsp;<img loading=\"lazy\" decoding=\"async\" class=\"alignnone wp-image-20248\" src=\"http:\/\/www.kami-profit.sk\/wp-content\/uploads\/2012\/03\/IMG_0942-300x200.jpg\" alt=\"\" width=\"291\" height=\"194\" srcset=\"https:\/\/www.kami-profit.sk\/wp-content\/uploads\/2012\/03\/IMG_0942-300x200.jpg 300w, https:\/\/www.kami-profit.sk\/wp-content\/uploads\/2012\/03\/IMG_0942-768x512.jpg 768w, https:\/\/www.kami-profit.sk\/wp-content\/uploads\/2012\/03\/IMG_0942-1024x683.jpg 1024w, https:\/\/www.kami-profit.sk\/wp-content\/uploads\/2012\/03\/IMG_0942-150x100.jpg 150w, https:\/\/www.kami-profit.sk\/wp-content\/uploads\/2012\/03\/IMG_0942-450x300.jpg 450w\" sizes=\"auto, (max-width: 291px) 100vw, 291px\" \/>&nbsp; &nbsp; &nbsp;&nbsp;<img loading=\"lazy\" decoding=\"async\" class=\"alignnone wp-image-20250\" src=\"http:\/\/www.kami-profit.sk\/wp-content\/uploads\/2012\/03\/IMG_1240-300x200.jpg\" alt=\"\" width=\"293\" height=\"195\" srcset=\"https:\/\/www.kami-profit.sk\/wp-content\/uploads\/2012\/03\/IMG_1240-300x200.jpg 300w, https:\/\/www.kami-profit.sk\/wp-content\/uploads\/2012\/03\/IMG_1240-768x512.jpg 768w, https:\/\/www.kami-profit.sk\/wp-content\/uploads\/2012\/03\/IMG_1240-1024x683.jpg 1024w, https:\/\/www.kami-profit.sk\/wp-content\/uploads\/2012\/03\/IMG_1240-150x100.jpg 150w, https:\/\/www.kami-profit.sk\/wp-content\/uploads\/2012\/03\/IMG_1240-450x300.jpg 450w\" sizes=\"auto, (max-width: 293px) 100vw, 293px\" \/><\/p>\n<p><img loading=\"lazy\" decoding=\"async\" class=\"alignnone wp-image-20253\" src=\"http:\/\/www.kami-profit.sk\/wp-content\/uploads\/2012\/03\/IMG_7663-225x300.jpg\" alt=\"\" width=\"147\" height=\"196\" srcset=\"https:\/\/www.kami-profit.sk\/wp-content\/uploads\/2012\/03\/IMG_7663-225x300.jpg 225w, https:\/\/www.kami-profit.sk\/wp-content\/uploads\/2012\/03\/IMG_7663-768x1024.jpg 768w, https:\/\/www.kami-profit.sk\/wp-content\/uploads\/2012\/03\/IMG_7663-113x150.jpg 113w\" sizes=\"auto, (max-width: 147px) 100vw, 147px\" \/>&nbsp;&nbsp;&nbsp;&nbsp;&nbsp;<img loading=\"lazy\" decoding=\"async\" class=\"alignnone wp-image-20252\" src=\"http:\/\/www.kami-profit.sk\/wp-content\/uploads\/2012\/03\/IMG_8665-225x300.jpg\" alt=\"\" width=\"146\" height=\"195\" srcset=\"https:\/\/www.kami-profit.sk\/wp-content\/uploads\/2012\/03\/IMG_8665-225x300.jpg 225w, https:\/\/www.kami-profit.sk\/wp-content\/uploads\/2012\/03\/IMG_8665-768x1024.jpg 768w, https:\/\/www.kami-profit.sk\/wp-content\/uploads\/2012\/03\/IMG_8665-113x150.jpg 113w\" sizes=\"auto, (max-width: 146px) 100vw, 146px\" \/>&nbsp;&nbsp;<img loading=\"lazy\" decoding=\"async\" class=\"alignnone wp-image-20257\" src=\"http:\/\/www.kami-profit.sk\/wp-content\/uploads\/2012\/03\/IMG_3112-300x200.jpg\" alt=\"\" width=\"293\" height=\"195\" srcset=\"https:\/\/www.kami-profit.sk\/wp-content\/uploads\/2012\/03\/IMG_3112-300x200.jpg 300w, https:\/\/www.kami-profit.sk\/wp-content\/uploads\/2012\/03\/IMG_3112-1024x683.jpg 1024w, https:\/\/www.kami-profit.sk\/wp-content\/uploads\/2012\/03\/IMG_3112-768x512.jpg 768w, https:\/\/www.kami-profit.sk\/wp-content\/uploads\/2012\/03\/IMG_3112-1536x1024.jpg 1536w, https:\/\/www.kami-profit.sk\/wp-content\/uploads\/2012\/03\/IMG_3112-2048x1365.jpg 2048w, https:\/\/www.kami-profit.sk\/wp-content\/uploads\/2012\/03\/IMG_3112-150x100.jpg 150w, https:\/\/www.kami-profit.sk\/wp-content\/uploads\/2012\/03\/IMG_3112-450x300.jpg 450w\" sizes=\"auto, (max-width: 293px) 100vw, 293px\" \/>&nbsp; &nbsp;&nbsp;<img loading=\"lazy\" decoding=\"async\" class=\"alignnone wp-image-20258\" src=\"http:\/\/www.kami-profit.sk\/wp-content\/uploads\/2012\/03\/IMG_3149-1024x683.jpeg\" alt=\"\" width=\"287\" height=\"191\" srcset=\"https:\/\/www.kami-profit.sk\/wp-content\/uploads\/2012\/03\/IMG_3149-1024x683.jpeg 1024w, https:\/\/www.kami-profit.sk\/wp-content\/uploads\/2012\/03\/IMG_3149-300x200.jpeg 300w, https:\/\/www.kami-profit.sk\/wp-content\/uploads\/2012\/03\/IMG_3149-768x512.jpeg 768w, https:\/\/www.kami-profit.sk\/wp-content\/uploads\/2012\/03\/IMG_3149-150x100.jpeg 150w, https:\/\/www.kami-profit.sk\/wp-content\/uploads\/2012\/03\/IMG_3149-450x300.jpeg 450w, https:\/\/www.kami-profit.sk\/wp-content\/uploads\/2012\/03\/IMG_3149.jpeg 1280w\" sizes=\"auto, (max-width: 287px) 100vw, 287px\" \/>&nbsp; &nbsp;<img loading=\"lazy\" decoding=\"async\" class=\"alignnone wp-image-20259\" src=\"http:\/\/www.kami-profit.sk\/wp-content\/uploads\/2012\/03\/IMG_3143-200x300.jpg\" alt=\"\" width=\"126\" height=\"189\" srcset=\"https:\/\/www.kami-profit.sk\/wp-content\/uploads\/2012\/03\/IMG_3143-200x300.jpg 200w, https:\/\/www.kami-profit.sk\/wp-content\/uploads\/2012\/03\/IMG_3143-683x1024.jpg 683w, https:\/\/www.kami-profit.sk\/wp-content\/uploads\/2012\/03\/IMG_3143-768x1152.jpg 768w, https:\/\/www.kami-profit.sk\/wp-content\/uploads\/2012\/03\/IMG_3143-1024x1536.jpg 1024w, https:\/\/www.kami-profit.sk\/wp-content\/uploads\/2012\/03\/IMG_3143-1365x2048.jpg 1365w, https:\/\/www.kami-profit.sk\/wp-content\/uploads\/2012\/03\/IMG_3143-100x150.jpg 100w, https:\/\/www.kami-profit.sk\/wp-content\/uploads\/2012\/03\/IMG_3143.jpg 1707w\" sizes=\"auto, (max-width: 126px) 100vw, 126px\" \/><\/p>\n","protected":false},"excerpt":{"rendered":"<p>Werden Sie zum Mitglied unseres Teams &nbsp; W\u00e4hlen Sie eine der freien Positionen &nbsp; &nbsp;&nbsp; &nbsp; &nbsp;&nbsp; AKTUELLE FREIE POSITIONEN&nbsp; &nbsp; POSITION &nbsp; &nbsp; &nbsp; &nbsp; &nbsp; [&#8230;]<\/p>\n","protected":false},"author":11,"featured_media":0,"parent":0,"menu_order":0,"comment_status":"closed","ping_status":"closed","template":"","meta":{"ngg_post_thumbnail":0,"footnotes":""},"class_list":["post-1680","page","type-page","status-publish","hentry"],"aioseo_notices":[],"meta_box":{"_profile_group_item":[]},"_links":{"self":[{"href":"https:\/\/www.kami-profit.sk\/de\/wp-json\/wp\/v2\/pages\/1680","targetHints":{"allow":["GET"]}}],"collection":[{"href":"https:\/\/www.kami-profit.sk\/de\/wp-json\/wp\/v2\/pages"}],"about":[{"href":"https:\/\/www.kami-profit.sk\/de\/wp-json\/wp\/v2\/types\/page"}],"author":[{"embeddable":true,"href":"https:\/\/www.kami-profit.sk\/de\/wp-json\/wp\/v2\/users\/11"}],"replies":[{"embeddable":true,"href":"https:\/\/www.kami-profit.sk\/de\/wp-json\/wp\/v2\/comments?post=1680"}],"version-history":[{"count":30,"href":"https:\/\/www.kami-profit.sk\/de\/wp-json\/wp\/v2\/pages\/1680\/revisions"}],"predecessor-version":[{"id":26490,"href":"https:\/\/www.kami-profit.sk\/de\/wp-json\/wp\/v2\/pages\/1680\/revisions\/26490"}],"wp:attachment":[{"href":"https:\/\/www.kami-profit.sk\/de\/wp-json\/wp\/v2\/media?parent=1680"}],"curies":[{"name":"wp","href":"https:\/\/api.w.org\/{rel}","templated":true}]}}