{"id":1772,"date":"2012-07-05T17:46:13","date_gmt":"2013-01-28T16:17:21","guid":{"rendered":"http:\/\/www.kami-profit.sk\/?page_id=1772"},"modified":"2013-01-31T08:57:59","modified_gmt":"2013-01-31T08:57:59","slug":"beratung","status":"publish","type":"page","link":"https:\/\/www.kami-profit.sk\/de\/beratung\/","title":{"rendered":"Beratung"},"content":{"rendered":"<p><strong>Verkauf eines Grundst\u00fccks mit dem Investitionsvorhaben f\u00fcr eine Stadtvilla mit der Baugenehmigung<\/strong><\/p>\n<p>Investitionsvorhaben in der Stadt Pie\u0161\u0165any, Gemarkung Pie\u0161\u0165any auf dem Grundst\u00fcck Nr. 8161\/1, 8161\/2, 8162 Appartementhaus. Auf dem Grundst\u00fcck befindet sich ein existierendes Familienhaus (Doppelhaus), das aufgrund eines schlimmen technischen Zustandes abgerissen wird.<\/p>\n<p>Auf seiner Stelle (auf den urspr\u00fcnglichen Fundamenten) wird ein Neubau gebaut.<\/p>\n<p><span style=\"text-decoration: underline;\">Es geht um ein Appartementhaus &#8220;VILLA BALNEO&#8221;<\/span><\/p>\n<p>Der Bau besteht aus zwei St\u00f6cken: das Erdgeschoss und das Dachgeschoss. In diesem Objekt befinden sich 4 Wohnungen f\u00fcr vor\u00fcbergehendes Wohnen und ein Raum zur Vermietung.<br \/>\nAuf dem Grundst\u00fcck wurden 5 Parkpl\u00e4tze im Hof des Grundst\u00fccks geschafft .<\/p>\n<p>Die Gesamtfl\u00e4che des Grundst\u00fccks ist 724 m2.<\/p>\n<p>(Auf dem Grundst\u00fcck befindet sich zurzeit ein \u00e4lteres Familienhaus und das Investitionsvorhaben rechnet mit seiner Umbau)<\/p>\n<p>Die gesamte Nutzfl\u00e4che des k\u00fcnftigen Hauses ist 319,57 m2 (es gibt nocht die M\u00f6glichkeit des Dachgeschosses).<br \/>\nDer Gesamtbetrag (Grundst\u00fcck, Projektdokumentation + Baugenehmigung) ist: <strong>120 000,- EUR<\/strong><\/p>\n<p><a href=\"http:\/\/www.kami-profit.sk\/wp-content\/uploads\/2012\/07\/villa_balneo.jpg\" rel=\"lightbox[1772]\"><img loading=\"lazy\" decoding=\"async\" class=\"aligncenter size-full wp-image-701\" title=\"villa_balneo\" src=\"http:\/\/www.kami-profit.sk\/wp-content\/uploads\/2012\/07\/villa_balneo.jpg\" alt=\"\" width=\"655\" height=\"492\" srcset=\"https:\/\/www.kami-profit.sk\/wp-content\/uploads\/2012\/07\/villa_balneo.jpg 655w, https:\/\/www.kami-profit.sk\/wp-content\/uploads\/2012\/07\/villa_balneo-300x225.jpg 300w, https:\/\/www.kami-profit.sk\/wp-content\/uploads\/2012\/07\/villa_balneo-150x113.jpg 150w, https:\/\/www.kami-profit.sk\/wp-content\/uploads\/2012\/07\/villa_balneo-399x300.jpg 399w\" sizes=\"auto, (max-width: 655px) 100vw, 655px\" \/><\/a><\/p>\n","protected":false},"excerpt":{"rendered":"<p>Verkauf eines Grundst\u00fccks mit dem Investitionsvorhaben f\u00fcr eine Stadtvilla mit der Baugenehmigung Investitionsvorhaben in der Stadt Pie\u0161\u0165any, Gemarkung Pie\u0161\u0165any auf dem Grundst\u00fcck Nr. 8161\/1, 8161\/2, 8162 Appartementhaus. [&#8230;]<\/p>\n","protected":false},"author":11,"featured_media":0,"parent":0,"menu_order":0,"comment_status":"open","ping_status":"open","template":"","meta":{"ngg_post_thumbnail":0,"footnotes":""},"class_list":["post-1772","page","type-page","status-publish","hentry"],"aioseo_notices":[],"meta_box":{"_profile_group_item":[]},"_links":{"self":[{"href":"https:\/\/www.kami-profit.sk\/de\/wp-json\/wp\/v2\/pages\/1772","targetHints":{"allow":["GET"]}}],"collection":[{"href":"https:\/\/www.kami-profit.sk\/de\/wp-json\/wp\/v2\/pages"}],"about":[{"href":"https:\/\/www.kami-profit.sk\/de\/wp-json\/wp\/v2\/types\/page"}],"author":[{"embeddable":true,"href":"https:\/\/www.kami-profit.sk\/de\/wp-json\/wp\/v2\/users\/11"}],"replies":[{"embeddable":true,"href":"https:\/\/www.kami-profit.sk\/de\/wp-json\/wp\/v2\/comments?post=1772"}],"version-history":[{"count":4,"href":"https:\/\/www.kami-profit.sk\/de\/wp-json\/wp\/v2\/pages\/1772\/revisions"}],"predecessor-version":[{"id":1822,"href":"https:\/\/www.kami-profit.sk\/de\/wp-json\/wp\/v2\/pages\/1772\/revisions\/1822"}],"wp:attachment":[{"href":"https:\/\/www.kami-profit.sk\/de\/wp-json\/wp\/v2\/media?parent=1772"}],"curies":[{"name":"wp","href":"https:\/\/api.w.org\/{rel}","templated":true}]}}