{"id":1775,"date":"2012-07-05T17:38:34","date_gmt":"2013-01-29T08:54:06","guid":{"rendered":"http:\/\/www.kami-profit.sk\/?page_id=1775"},"modified":"2013-03-01T16:49:39","modified_gmt":"2013-03-01T16:49:39","slug":"vermietung","status":"publish","type":"page","link":"https:\/\/www.kami-profit.sk\/de\/vermietung\/","title":{"rendered":"Vermietung"},"content":{"rendered":"<h3>I. Wir bieten zur Vermietung eine\u00a0<a href=\"http:\/\/www.kami-profit.sk\/byt3veze\/INDEX.htm\">neu gebaute Zweizimmerwohnung mit einer Designeinrichtung in dem Objekt &#8220;III Ve\u017ee&#8221; (Drei T\u00fcrme) in Bratislava mit einem Parkplatz<\/a>\u00a0an.<\/h3>\n<p>&nbsp;<\/p>\n<h3>II. Ein neues Projekt zur Vermietung ist auch der Industrielle und technologische Stadtpark in der Stadt Trnava.<\/h3>\n<p>Das Ziel dieses Projektes ist die Realisation der Revitalisierung eines Teiles des braunen Industrieparks, der das industrielle Stadtareal in der Stra\u00dfe Priemyseln\u00e1 ulica 5 in Trnava bildet, mit dem Zweck der Modernisierung und Rekonstruktion des Gegenstandsteiles des Areals und der Errichtung eines modernen Raumhinterlandes f\u00fcr die Unternehmenssubjekte und Organisationen, die auf dem Gebiet der Industrieproduktion, hochkomplexer Technologien und Entwicklungsaktivit\u00e4ten wirken und damit nicht nur die Raumm\u00f6glichkeiten f\u00fcr die Bed\u00fcrfnisse des Unternehmens zu bilden, sondern auch die Wettbewerbsf\u00e4higkeit und innovatives Potenzial kleiner und mittlerer Betriebe in der Stadt Trnava und in der Region der Selbstverwaltung der Stadt Trnava zu unterst\u00fctzen. Gleichzeitig ist das Vorhaben der Stadt mittels hochwertigen Raumm\u00f6glichkeiten hervorragend technologisch orientierte Investitionen anlocken, die hochqualifizierte Arbeitspl\u00e4tze in Trnava und in der Region von Trnava bilden. Allen in dem Industriellen und technologischen Stadtpark Trnava etablierten Firmen werden mittels des ersten Automotive Cluster &#8211; Westslowakei verschiedene unterst\u00fctzende Servicedienste und die Bindungen f\u00fcr Schulungs-, Forschungs- und Entwicklungsprozesse an der Material-Technologischen Fakult\u00e4t in Trnava und an anderen Universit\u00e4ten angeboten.<\/p>\n<p><span style=\"text-decoration: underline;\">Zugebaute Gel\u00e4nde der Objekte:<\/span><\/p>\n<p>SO 01 &#8211; A &#8211; Pavillon der \u00a0gr\u00fcndlich durchdachter Produktion \u00a0 \u00a0 \u00a0 \u00a0 \u00a0 708 m2, \u00a0(x4 Etagen)<\/p>\n<p>SO 01 &#8211; B &#8211; produktionstechnologischer Pavillon \u00a0 \u00a0 \u00a0 \u00a0 \u00a0 \u00a0 \u00a0 \u00a0 \u00a0 \u00a0 \u00a0 \u00a0 \u00a0 \u00a0 \u00a0 \u00a0 2 758,88 m2<\/p>\n<p>SO 01 &#8211; C &#8211; lager-logistischer Pavillon \u00a0 \u00a0 \u00a0 \u00a0 \u00a0 \u00a0 \u00a0 \u00a0 \u00a0 \u00a0 \u00a0 \u00a0 \u00a0 \u00a0 \u00a0 \u00a0 \u00a0 \u00a0 \u00a0 \u00a0 \u00a0 \u00a0 \u00a0 \u00a0 \u00a0 \u00a0 828,5 m2<\/p>\n<p>SO 02 &#8211; Pavillon der Produktionszellen \u00a0 \u00a0 \u00a0 \u00a0 \u00a0 \u00a0 \u00a0 \u00a0 \u00a0 \u00a0 \u00a0 \u00a0 \u00a0 \u00a0 \u00a0 \u00a0 \u00a0 \u00a0 \u00a0 \u00a0 \u00a0 \u00a0 \u00a0 \u00a0 \u00a0 708 m2 (x4 Etagen)<\/p>\n<p>SO 03 &#8211; Lagerpavillon \u00a0 \u00a0 \u00a0 \u00a0 \u00a0 \u00a0 \u00a0 \u00a0 \u00a0 \u00a0 \u00a0 \u00a0 \u00a0 \u00a0 \u00a0 \u00a0 \u00a0 \u00a0 \u00a0 \u00a0 \u00a0 \u00a0 \u00a0 \u00a0 \u00a0 \u00a0 \u00a0 \u00a0 \u00a0 \u00a0 \u00a0 \u00a0 \u00a0 \u00a0 \u00a0 \u00a0 \u00a0 \u00a0 \u00a0 \u00a0 \u00a0449,19 m2<\/p>\n<p>&nbsp;<\/p>\n<p>&nbsp;<\/p>\n","protected":false},"excerpt":{"rendered":"<p>I. Wir bieten zur Vermietung eine\u00a0neu gebaute Zweizimmerwohnung mit einer Designeinrichtung in dem Objekt &#8220;III Ve\u017ee&#8221; (Drei T\u00fcrme) in Bratislava mit einem Parkplatz\u00a0an. &nbsp; II. Ein neues [&#8230;]<\/p>\n","protected":false},"author":11,"featured_media":0,"parent":0,"menu_order":0,"comment_status":"open","ping_status":"open","template":"","meta":{"ngg_post_thumbnail":0,"footnotes":""},"class_list":["post-1775","page","type-page","status-publish","hentry"],"aioseo_notices":[],"meta_box":{"_profile_group_item":[]},"_links":{"self":[{"href":"https:\/\/www.kami-profit.sk\/de\/wp-json\/wp\/v2\/pages\/1775","targetHints":{"allow":["GET"]}}],"collection":[{"href":"https:\/\/www.kami-profit.sk\/de\/wp-json\/wp\/v2\/pages"}],"about":[{"href":"https:\/\/www.kami-profit.sk\/de\/wp-json\/wp\/v2\/types\/page"}],"author":[{"embeddable":true,"href":"https:\/\/www.kami-profit.sk\/de\/wp-json\/wp\/v2\/users\/11"}],"replies":[{"embeddable":true,"href":"https:\/\/www.kami-profit.sk\/de\/wp-json\/wp\/v2\/comments?post=1775"}],"version-history":[{"count":4,"href":"https:\/\/www.kami-profit.sk\/de\/wp-json\/wp\/v2\/pages\/1775\/revisions"}],"predecessor-version":[{"id":1778,"href":"https:\/\/www.kami-profit.sk\/de\/wp-json\/wp\/v2\/pages\/1775\/revisions\/1778"}],"wp:attachment":[{"href":"https:\/\/www.kami-profit.sk\/de\/wp-json\/wp\/v2\/media?parent=1775"}],"curies":[{"name":"wp","href":"https:\/\/api.w.org\/{rel}","templated":true}]}}