{"id":2166,"date":"2012-03-12T19:21:10","date_gmt":"2012-03-12T19:21:10","guid":{"rendered":"http:\/\/www.kami-profit.sk\/?page_id=2166"},"modified":"2017-07-26T06:52:14","modified_gmt":"2017-07-26T06:52:14","slug":"dienstleistungen","status":"publish","type":"page","link":"https:\/\/www.kami-profit.sk\/de\/dienstleistungen\/","title":{"rendered":"Dienstleistungen"},"content":{"rendered":"<h2><strong>Bau Generalunternehmung<\/strong><\/h2>\n<p>Unsere Firma leistet Bauaktivit\u00e4ten jeder Art beim Bau und Umbau von Objekten. Wir sind als Generalunternehmer f\u00fcr kleinere und gr\u00f6\u00dfere Bauwerke t\u00e4tig. Wir bieten Ihnen einen komplexen Umfang von Dienstleistungen an, die mit Bau an sich zusammenh\u00e4ngen.<\/p>\n<p>Wir haben reiche Erfahrung mit der Realisation eines breiten Spektrums von:<\/p>\n<ul style=\"list-style-type: circle;\">\n<li>Wohnungsh\u00e4usern<\/li>\n<li>Verwaltungsgeb\u00e4uden<\/li>\n<li>Gesch\u00e4ftsobjekten<\/li>\n<li>Schulungsobjekten<\/li>\n<li>Tankstellen<\/li>\n<\/ul>\n<p>Zu unseren neuesten Projekten geh\u00f6rt der Bau einer Slovnaft Tankstelle in der Pr\u00edstavn\u00e1 Stra\u00dfe mit einem einzigartigen Design, ein Wohnungshaus in der Donaufelder Stra\u00dfe in Wien, eine Rekonstruktion und Anbau der W\u00fcrth Zentrale in Bratislava und viele weitere.<\/p>\n<p>Bei der Projektrealisation achten wir auf die Qualit\u00e4t der Durchf\u00fchrung f\u00fcr den bestm\u00f6glichen Preis, als auch auf die Termin- und Zeitplaneinhaltung, Sachverst\u00e4ndigkeit, Kompetenz und Zuverl\u00e4ssigkeit.<\/p>\n<h2><strong>Projektmanagement und\u00a0Controlling<\/strong><\/h2>\n<p>Unsere Hauptt\u00e4tigkeit ist das Projektsystem der Projektleitung und Projektkontrolle. Bei den Projekten entspricht das Projektsystem den Anspr\u00fcchen und Gewohnheiten der Investoren.<\/p>\n<ul>\n<li>Vertretung des Investors bei den Besprechungen bez\u00fcglich des Verm\u00f6gensrechts mit den Grundbesitzern,<\/li>\n<li>Verhandlung der Bedingungen des Investitionsbaues mit den Verwaltern der unterirdischen Versorgungsnetzen wie auch mit anderen Baubeteiligten,<\/li>\n<li>Verhandlungen mit den Vertretern der Staats- und Selbstverwaltung,<\/li>\n<li>Sicherung der Wirtschaftspr\u00fcfungaufstellung der Grundst\u00fccke auf der Ebene der geologischen Bohrungen (bzw. Informationen aus dem geologischen Fonds),<\/li>\n<li>Aufgabenstellung zu der Umweltstudie und ihre Koordination,<\/li>\n<li>Studien der Projektenpraktikabilit\u00e4t und Investitionsvorhaben,<\/li>\n<li>Preiskalkulationen und -Sch\u00e4tzungen aufgrund der bisherigen Eigenerfahrungen und Marktkenntnisse,<\/li>\n<li>\u00dcberblicksleitung des Fertigstellungsstandes des Investitionsprojektes,<\/li>\n<li>Sicherung der Datenspeicherung bez\u00fcglich des Investitionsprojektes und das einschlie\u00dflich der elektronischen Archivierung,<\/li>\n<li>technische, zeitliche, qualitative und finanzielle Projektleitung,<\/li>\n<li>Sicherung der Ausarbeitung der Projektdokumentation an allen Projektebenen, vor allem das Projekt f\u00fcr die Gebietsentscheidung, Baugenehmigung, Ausf\u00fchrungsprojekte, Projekte der wirklichen Anfertigung,<\/li>\n<li>Sicherung der Ingenieurt\u00e4tigkeit bei Bewilligungsgewinn zusammenh\u00e4ngend mit dem Bau (UVP, Gebietsentscheidung, Baugenehmigung\u00a0und Bauabnahme),<\/li>\n<li>Vorbereitung, Analyse, Leitung und Auswertung der offenen transparenten Trends aufgrund der Bed\u00fcrfnisse und Anspr\u00fcche des Klientes,<\/li>\n<li>Leitung und Koordination der einzelnen Baulieferanten w\u00e4hrend der Realisation des Objektes,<\/li>\n<li>Kontrolle und Leitung der bei der Realisation des Investitionsprojektes von dem Klienten bestimmten Personen,<\/li>\n<li>maximale Anstrengung f\u00fcr rationale und sparsame Realisationsl\u00f6sung der Investitionsprojekten,<\/li>\n<li>Bauaufsichtsleistung,<\/li>\n<li>regelm\u00e4\u00dfiges Reporting dem Investor, Leitung der Kontrolltage, schriftliche und Fotodokumentation der Kontrolltage usw.,<\/li>\n<li>\u00fcbersichtliche Finanzabrechnung des Baus aufgrund der internationalen Standards,<\/li>\n<li>Rechtsberatung bei dem Vertragsabschluss mit den Baulieferanten,<\/li>\n<li>Lokalit\u00e4tsauswahl aufgrund der Analyseprinzipien und SWOT-Analyse<\/li>\n<\/ul>\n<h2><strong>Projektaktivit\u00e4t\u00a0<\/strong><\/h2>\n<ul>\n<li>Durchf\u00fchrung von allen Aktivit\u00e4ten von der Ausarbeitung der Projektpraktikabilit\u00e4t bis zu von Computer real verarbeiteten Bildern in einer Visualisierung,<\/li>\n<li>Projektdokumentation von dem Niveau der architektonischen Studien, Dokumentation f\u00fcr das Gel\u00e4ndeverfahren und die Baugenehmigung bis zur Durchf\u00fchrungsprojektdokumentation,<\/li>\n<li>Verarbeitung von der Ausschreibungsdokumentation und der Dokumentation der realen Durchf\u00fchrung.<\/li>\n<\/ul>\n<h2><strong>Sicherung der Vermietungen der Gesch\u00e4ftsr\u00e4ume<\/strong><\/h2>\n<ul>\n<li>Rechtsberatung bei dem Vertragsabschluss mit den Mietern,<\/li>\n<li>Mietevermittlung,<\/li>\n<li>Beratung bei der Bestimmung der Mietenh\u00f6he wie auch Marketingstrategien,<\/li>\n<li>Beratung auf dem Gebiet der Investitionsvorbereitung und des Einzelhandels im Allgemeinen<\/li>\n<\/ul>\n<h2><strong>Bearbeitung der Unternehmungs- und Finanzpl\u00e4ne<\/strong><\/h2>\n<ul>\n<li>Beratungsdienste auf dem Gebiet der Unternehmungspl\u00e4ne beziehen sich entweder auf die Klientenhilfe bei der Bearbeitung seines Unternehmungsplans oder der Komplexbearbeitung des Unternehmungsplans und Finanzplans von dem Berater,<\/li>\n<li>f\u00fcr Bank- und Nichtbankinstitute,<\/li>\n<li>Staatsfonds und europ\u00e4ische Fonds,<\/li>\n<li>Subventionsprogramme und andere Investoren.<\/li>\n<\/ul>\n","protected":false},"excerpt":{"rendered":"<p>Bau Generalunternehmung Unsere Firma leistet Bauaktivit\u00e4ten jeder Art beim Bau und Umbau von Objekten. Wir sind als Generalunternehmer f\u00fcr kleinere und gr\u00f6\u00dfere Bauwerke t\u00e4tig. Wir bieten Ihnen [&#8230;]<\/p>\n","protected":false},"author":11,"featured_media":0,"parent":0,"menu_order":0,"comment_status":"open","ping_status":"open","template":"page-sluzby.php","meta":{"ngg_post_thumbnail":0,"footnotes":""},"class_list":["post-2166","page","type-page","status-publish","hentry"],"aioseo_notices":[],"meta_box":{"_profile_group_item":[]},"_links":{"self":[{"href":"https:\/\/www.kami-profit.sk\/de\/wp-json\/wp\/v2\/pages\/2166","targetHints":{"allow":["GET"]}}],"collection":[{"href":"https:\/\/www.kami-profit.sk\/de\/wp-json\/wp\/v2\/pages"}],"about":[{"href":"https:\/\/www.kami-profit.sk\/de\/wp-json\/wp\/v2\/types\/page"}],"author":[{"embeddable":true,"href":"https:\/\/www.kami-profit.sk\/de\/wp-json\/wp\/v2\/users\/11"}],"replies":[{"embeddable":true,"href":"https:\/\/www.kami-profit.sk\/de\/wp-json\/wp\/v2\/comments?post=2166"}],"version-history":[{"count":38,"href":"https:\/\/www.kami-profit.sk\/de\/wp-json\/wp\/v2\/pages\/2166\/revisions"}],"predecessor-version":[{"id":12197,"href":"https:\/\/www.kami-profit.sk\/de\/wp-json\/wp\/v2\/pages\/2166\/revisions\/12197"}],"wp:attachment":[{"href":"https:\/\/www.kami-profit.sk\/de\/wp-json\/wp\/v2\/media?parent=2166"}],"curies":[{"name":"wp","href":"https:\/\/api.w.org\/{rel}","templated":true}]}}