{"id":9218,"date":"2017-03-27T14:24:10","date_gmt":"2017-03-27T14:24:10","guid":{"rendered":"http:\/\/www.kami-profit.sk\/?page_id=9218\/"},"modified":"2017-04-24T21:29:13","modified_gmt":"2017-04-24T21:29:13","slug":"analyse","status":"publish","type":"page","link":"https:\/\/www.kami-profit.sk\/de\/dienstleistungen\/analyse\/","title":{"rendered":"Analyse"},"content":{"rendered":"<ul>\n<li>Beschaffung und Analyse der Unterlagen f\u00fcr das Projekt von dem Klienten<\/li>\n<li>Einsch\u00e4tzung und Steuerung der Risiken<\/li>\n<li>Kosteneinsch\u00e4tzungen, Budget- und Finanzmodellenvorschlag<\/li>\n<li>technisch-finanzielle Machbarkeitsstudien\/feasibility study<\/li>\n<li>Unterlagen f\u00fcr die strategische Entscheidung<\/li>\n<\/ul>\n<p>Die wichtige Aufgabe ist, das ganze Projekt zu leiten, d.h., Erfolg der Projektetappen zu analysieren, Einhaltung des Zeitplans und der Folge der einzelnen Etappen; Materialverbrauch und andere Quellen zu pr\u00fcfen und eingeplante und erreichte Preise st\u00e4ndig so zu vergleichen, damit im Fall der m\u00f6glich entstandenen Abweichungen m\u00f6glich w\u00e4re, die pr\u00e4ventiven Ma\u00dfnahmen anzunehmen.<\/p>\n","protected":false},"excerpt":{"rendered":"<p>Beschaffung und Analyse der Unterlagen f\u00fcr das Projekt von dem Klienten Einsch\u00e4tzung und Steuerung der Risiken Kosteneinsch\u00e4tzungen, Budget- und Finanzmodellenvorschlag technisch-finanzielle Machbarkeitsstudien\/feasibility study Unterlagen f\u00fcr die strategische [&#8230;]<\/p>\n","protected":false},"author":1,"featured_media":0,"parent":2166,"menu_order":0,"comment_status":"closed","ping_status":"closed","template":"","meta":{"ngg_post_thumbnail":0,"footnotes":""},"class_list":["post-9218","page","type-page","status-publish","hentry"],"aioseo_notices":[],"meta_box":{"_profile_group_item":[]},"_links":{"self":[{"href":"https:\/\/www.kami-profit.sk\/de\/wp-json\/wp\/v2\/pages\/9218","targetHints":{"allow":["GET"]}}],"collection":[{"href":"https:\/\/www.kami-profit.sk\/de\/wp-json\/wp\/v2\/pages"}],"about":[{"href":"https:\/\/www.kami-profit.sk\/de\/wp-json\/wp\/v2\/types\/page"}],"author":[{"embeddable":true,"href":"https:\/\/www.kami-profit.sk\/de\/wp-json\/wp\/v2\/users\/1"}],"replies":[{"embeddable":true,"href":"https:\/\/www.kami-profit.sk\/de\/wp-json\/wp\/v2\/comments?post=9218"}],"version-history":[{"count":1,"href":"https:\/\/www.kami-profit.sk\/de\/wp-json\/wp\/v2\/pages\/9218\/revisions"}],"predecessor-version":[{"id":9219,"href":"https:\/\/www.kami-profit.sk\/de\/wp-json\/wp\/v2\/pages\/9218\/revisions\/9219"}],"up":[{"embeddable":true,"href":"https:\/\/www.kami-profit.sk\/de\/wp-json\/wp\/v2\/pages\/2166"}],"wp:attachment":[{"href":"https:\/\/www.kami-profit.sk\/de\/wp-json\/wp\/v2\/media?parent=9218"}],"curies":[{"name":"wp","href":"https:\/\/api.w.org\/{rel}","templated":true}]}}