{"id":15692,"date":"2012-03-12T18:20:29","date_gmt":"2012-03-12T18:20:29","guid":{"rendered":"http:\/\/www.kami-profit.sk\/?page_id=15692\/"},"modified":"2022-11-14T10:05:23","modified_gmt":"2022-11-14T10:05:23","slug":"video","status":"publish","type":"page","link":"https:\/\/www.kami-profit.sk\/en\/video\/","title":{"rendered":"VIDEO"},"content":{"rendered":"\n<h6>NEW APARTMENT BUILDING WITH A KINDERGARTEN KYSUCK\u00c9 NOV\u00c9 MESTO \u2013 KAMENCE EAST<\/h6>\n\n\n\n<p><iframe loading=\"lazy\" title=\"NEW APARTMENT BUILDING WITH A KINDERGARTEN KYSUCK\u00c9 NOV\u00c9 MESTO \u2013 KAMENCE EAST\" width=\"500\" height=\"281\" src=\"https:\/\/www.youtube.com\/embed\/3E4DJLEHpao?feature=oembed\" frameborder=\"0\" allow=\"accelerometer; autoplay; clipboard-write; encrypted-media; gyroscope; picture-in-picture; web-share\" referrerpolicy=\"strict-origin-when-cross-origin\" allowfullscreen><\/iframe><\/p>\n<p>&nbsp;<\/p>\n\n\n\n<h6 class=\"style-scope ytd-watch-metadata\">CONSTRUCTION OF A PAVILION FOR TOP TECHNOLOGIES \u2013 ACCORD, ENG SUBTITLES<\/h6>\n\n\n\n<p><iframe loading=\"lazy\" title=\"CONSTRUCTION OF A PAVILION FOR TOP TECHNOLOGIES \u2013 ACCORD, ENG SUBTITLES\" width=\"500\" height=\"281\" src=\"https:\/\/www.youtube.com\/embed\/3V1SQhB3p8g?start=12&#038;feature=oembed\" frameborder=\"0\" allow=\"accelerometer; autoplay; clipboard-write; encrypted-media; gyroscope; picture-in-picture; web-share\" referrerpolicy=\"strict-origin-when-cross-origin\" allowfullscreen><\/iframe><\/p>\n<p>&nbsp;<\/p>\n\n\n\n<h6 class=\"style-scope ytd-watch-metadata\">LIPTOVSKY MIKULAS \u2013 APARTMENT BUILDING PODHORANY<\/h6>\n\n\n\n<p><iframe loading=\"lazy\" title=\"LIPTOVSK\u00dd MIKUL\u00c1\u0160 \u2013 APARTMENT BUILDING PODHORANY\" width=\"500\" height=\"281\" src=\"https:\/\/www.youtube.com\/embed\/y5n2gS_DuPo?feature=oembed\" frameborder=\"0\" allow=\"accelerometer; autoplay; clipboard-write; encrypted-media; gyroscope; picture-in-picture; web-share\" referrerpolicy=\"strict-origin-when-cross-origin\" allowfullscreen><\/iframe><\/p>\n<p>&nbsp;<\/p>\n\n\n\n<p><strong>UGLJAN APARTMENTS<\/strong><\/p>\n<p><iframe loading=\"lazy\" title=\"UGLJAN Apartmants 20222\" width=\"500\" height=\"281\" src=\"https:\/\/www.youtube.com\/embed\/-ti0Gxgq90I?feature=oembed\" frameborder=\"0\" allow=\"accelerometer; autoplay; clipboard-write; encrypted-media; gyroscope; picture-in-picture; web-share\" referrerpolicy=\"strict-origin-when-cross-origin\" allowfullscreen><\/iframe><\/p>\n<p>&nbsp;<\/p>\n<p><strong>PROMO VIDEO \u2013 CENTER OF INTEGRATED HEALTH CARE S\u00c1\u0160T\u00cdN-STR\u00c1\u017dE<\/strong><\/p>\n<p><iframe loading=\"lazy\" title=\"CENTRUM INTEGROVANEJ ZDRAVOTNEJ STAROSTLIVOSTI \u0160A\u0160T\u00cdN-STR\u00c1\u017dE\" width=\"500\" height=\"281\" src=\"https:\/\/www.youtube.com\/embed\/m6vcyJrVo6g?feature=oembed\" frameborder=\"0\" allow=\"accelerometer; autoplay; clipboard-write; encrypted-media; gyroscope; picture-in-picture; web-share\" referrerpolicy=\"strict-origin-when-cross-origin\" allowfullscreen><\/iframe><\/p>\n<p>&nbsp;<\/p>\n<p><strong>PROMO VIDEO \u2013 POHRANICE gas station SLOVNAFT<\/strong><\/p>\n<p><iframe loading=\"lazy\" title=\"\u010cSMP POHRANICE R1- \u013dAVOSTRANN\u00c1 A \u010cSMP POHRANICE R1- PRAVOSTRANN\u00c1\" width=\"500\" height=\"281\" src=\"https:\/\/www.youtube.com\/embed\/DX29KjdbO_k?feature=oembed\" frameborder=\"0\" allow=\"accelerometer; autoplay; clipboard-write; encrypted-media; gyroscope; picture-in-picture; web-share\" referrerpolicy=\"strict-origin-when-cross-origin\" allowfullscreen><\/iframe><\/p>\n<p>&nbsp;<\/p>\n<p><strong>OMV Rovinka &#8211; <\/strong><strong>installation of ceiling panels<\/strong><\/p>\n<p><iframe loading=\"lazy\" title=\"OMV Rovinka - 19.01.2022 os\u00e1dzanie stropn\u00fdch panelov\" width=\"500\" height=\"281\" src=\"https:\/\/www.youtube.com\/embed\/tHfPpEcIgCo?feature=oembed\" frameborder=\"0\" allow=\"accelerometer; autoplay; clipboard-write; encrypted-media; gyroscope; picture-in-picture; web-share\" referrerpolicy=\"strict-origin-when-cross-origin\" allowfullscreen><\/iframe><\/p>\n\n\n<p>&nbsp;<\/p>\n<p><strong>Cynology center extension, Moravian-Silesian county police headquarters 2021<\/strong><\/p>\n<p><iframe loading=\"lazy\" title=\"Kynologicke centrum Ostrava3\" width=\"500\" height=\"281\" src=\"https:\/\/www.youtube.com\/embed\/Zh6uTul0LzE?start=6&#038;feature=oembed\" frameborder=\"0\" allow=\"accelerometer; autoplay; clipboard-write; encrypted-media; gyroscope; picture-in-picture; web-share\" referrerpolicy=\"strict-origin-when-cross-origin\" allowfullscreen><\/iframe><\/p>\n<p>&nbsp;<\/p>\n<p><strong>Head Office&nbsp; KAMI PROFIT, s.r.o. &#8211; 2021<\/strong><\/p>\n<p><iframe loading=\"lazy\" title=\"SIDLO FIRMY KAMI PROFIT\" width=\"500\" height=\"281\" src=\"https:\/\/www.youtube.com\/embed\/KeDef7z_w-k?feature=oembed\" frameborder=\"0\" allow=\"accelerometer; autoplay; clipboard-write; encrypted-media; gyroscope; picture-in-picture; web-share\" referrerpolicy=\"strict-origin-when-cross-origin\" allowfullscreen><\/iframe><\/p>\n<p><strong>Elementary school Z\u00e1horsk\u00e1 Bystrica &#8211; video 2021<\/strong><\/p>\n<p><iframe loading=\"lazy\" title=\"Video Passport Z\u00e1horsk\u00e1 Bystrica Hargasova\" width=\"500\" height=\"281\" src=\"https:\/\/www.youtube.com\/embed\/Qr2x0-FtXAg?feature=oembed\" frameborder=\"0\" allow=\"accelerometer; autoplay; clipboard-write; encrypted-media; gyroscope; picture-in-picture; web-share\" referrerpolicy=\"strict-origin-when-cross-origin\" allowfullscreen><\/iframe><\/p>\n<p>&nbsp;<\/p>\n<p><strong>Elementary school Plickova, M\u010c Ra\u010da &#8211; video 2021<\/strong><\/p>\n<p><iframe loading=\"lazy\" title=\"PLICKOVA UVODNE VIDEO\" width=\"500\" height=\"281\" src=\"https:\/\/www.youtube.com\/embed\/ABJbdrPgYmo?feature=oembed\" frameborder=\"0\" allow=\"accelerometer; autoplay; clipboard-write; encrypted-media; gyroscope; picture-in-picture; web-share\" referrerpolicy=\"strict-origin-when-cross-origin\" allowfullscreen><\/iframe><\/p>\n<p><strong>Glaziery SKLOFIX Vajnory Bratislava 2021<\/strong><\/p>\n<p><iframe loading=\"lazy\" title=\"KAMI PROFIT, s.r.o. - Sklen\u00e1rstvo Sklofix Vajnory 2021\" width=\"500\" height=\"281\" src=\"https:\/\/www.youtube.com\/embed\/QaW7wgdHmk8?start=9&#038;feature=oembed\" frameborder=\"0\" allow=\"accelerometer; autoplay; clipboard-write; encrypted-media; gyroscope; picture-in-picture; web-share\" referrerpolicy=\"strict-origin-when-cross-origin\" allowfullscreen><\/iframe><\/p>\n<p><strong>Elementary school with kindergarten 27 J. Bottu \u2013 new building of the school canteen and classrooms 2021<\/strong><\/p>\n<p><iframe loading=\"lazy\" title=\"KAMI PROFIT, s.r.o. - Z\u0160 s M\u0160 Bottov\u00e1 ulica v Trnave 2021\" width=\"500\" height=\"281\" src=\"https:\/\/www.youtube.com\/embed\/zhuFdaoNCO0?feature=oembed\" frameborder=\"0\" allow=\"accelerometer; autoplay; clipboard-write; encrypted-media; gyroscope; picture-in-picture; web-share\" referrerpolicy=\"strict-origin-when-cross-origin\" allowfullscreen><\/iframe><\/p>\n<p><strong>Apartment house Barbora Poprad &#8211; 06\/2021<\/strong><\/p>\n<p><iframe loading=\"lazy\" title=\"Barbora - Bytov\u00fd dom v Poprade\" width=\"500\" height=\"281\" src=\"https:\/\/www.youtube.com\/embed\/1wfVZysdDx8?feature=oembed\" frameborder=\"0\" allow=\"accelerometer; autoplay; clipboard-write; encrypted-media; gyroscope; picture-in-picture; web-share\" referrerpolicy=\"strict-origin-when-cross-origin\" allowfullscreen><\/iframe><\/p>\n<p><strong>Storey addition and reconstruction of the elementary school in Bad\u00edn 2021<\/strong><\/p>\n<p><iframe loading=\"lazy\" title=\"KamiProfit ZS Badin2021\" width=\"500\" height=\"281\" src=\"https:\/\/www.youtube.com\/embed\/xo373jGfkxE?start=49&#038;feature=oembed\" frameborder=\"0\" allow=\"accelerometer; autoplay; clipboard-write; encrypted-media; gyroscope; picture-in-picture; web-share\" referrerpolicy=\"strict-origin-when-cross-origin\" allowfullscreen><\/iframe><\/p>\n<p><strong>Promo video 2021 &#8211; Speech executive manager<\/strong><\/p>\n<p><iframe loading=\"lazy\" title=\"KAMI PROFIT, s.r.o - Promo video 2021 - Pr\u00edhovor\" width=\"500\" height=\"281\" src=\"https:\/\/www.youtube.com\/embed\/hRZQsMjBRP8?feature=oembed\" frameborder=\"0\" allow=\"accelerometer; autoplay; clipboard-write; encrypted-media; gyroscope; picture-in-picture; web-share\" referrerpolicy=\"strict-origin-when-cross-origin\" allowfullscreen><\/iframe><\/p>\n<p><strong>Apartment house Sabinovsk\u00e1 Pre\u0161ov 01\/2021<\/strong><\/p>\n<p><iframe loading=\"lazy\" title=\"KAMI PROFIT, s.r.o. - Bytov\u00fd dom Sabinovsk\u00e1 v Pre\u0161ove - v\u00fdstavba 1\/2021\" width=\"500\" height=\"281\" src=\"https:\/\/www.youtube.com\/embed\/-kPOjprtdJo?feature=oembed\" frameborder=\"0\" allow=\"accelerometer; autoplay; clipboard-write; encrypted-media; gyroscope; picture-in-picture; web-share\" referrerpolicy=\"strict-origin-when-cross-origin\" allowfullscreen><\/iframe><\/p>\n<p><strong>KAMI PROFIT, s.r.o. PROMO video 2021<\/strong><\/p>\n<p><iframe loading=\"lazy\" title=\"KAMI PROFIT, s.r.o. Promo video 2021\" width=\"500\" height=\"281\" src=\"https:\/\/www.youtube.com\/embed\/xo7ENYPPwMs?feature=oembed\" frameborder=\"0\" allow=\"accelerometer; autoplay; clipboard-write; encrypted-media; gyroscope; picture-in-picture; web-share\" referrerpolicy=\"strict-origin-when-cross-origin\" allowfullscreen><\/iframe><\/p>\n<p>&nbsp;<\/p>\n<p><strong>Apartment house Barbora Poprad<\/strong><\/p>\n<p><iframe loading=\"lazy\" title=\"Bytov\u00e9 Domy Barbora   Origin\u00e1l\" width=\"500\" height=\"281\" src=\"https:\/\/www.youtube.com\/embed\/calu7xjyByQ?feature=oembed\" frameborder=\"0\" allow=\"accelerometer; autoplay; clipboard-write; encrypted-media; gyroscope; picture-in-picture; web-share\" referrerpolicy=\"strict-origin-when-cross-origin\" allowfullscreen><\/iframe><\/p>\n<p><strong>Elementary school with kindergarten 27 J. Bottu \u2013 new building of the school canteen and classrooms<\/strong><\/p>\n<p><iframe loading=\"lazy\" title=\"KAMI PROFIT, s.r.o. - Z\u0160 s M\u0160 J.Bottu 27 \u2013 novostavba \u0161kolskej jed\u00e1lne a u\u010debn\u00ed - demol\u00e1cia 06\/2020\" width=\"500\" height=\"281\" src=\"https:\/\/www.youtube.com\/embed\/xD6eohensIc?feature=oembed\" frameborder=\"0\" allow=\"accelerometer; autoplay; clipboard-write; encrypted-media; gyroscope; picture-in-picture; web-share\" referrerpolicy=\"strict-origin-when-cross-origin\" allowfullscreen><\/iframe><\/p>\n<h1 class=\"title style-scope ytd-video-primary-info-renderer\"><span style=\"font-size: 12pt;\">R7 road OMV petrol station construction,Blatn\u00e1 na Ostrove South\/North&nbsp;<\/span><\/h1>\n<p><iframe loading=\"lazy\" title=\"KAMI PROFIT s.r.o. - V\u00fdstavba \u010cSPH OMV R7, odpo\u010d\u00edvadlo Blatn\u00e1 na Ostrove Juh\/Sever\" width=\"500\" height=\"281\" src=\"https:\/\/www.youtube.com\/embed\/fnVN5Yz3HaI?feature=oembed\" frameborder=\"0\" allow=\"accelerometer; autoplay; clipboard-write; encrypted-media; gyroscope; picture-in-picture; web-share\" referrerpolicy=\"strict-origin-when-cross-origin\" allowfullscreen><\/iframe><\/p>\n<p><strong>&nbsp;RETAIL PARK SENICA \u2013 P\u00c1ROVCE<\/strong><\/p>\n<p><iframe loading=\"lazy\" title=\"KAMI PROFIT s.r.o. - Cukr\u00e1re\u0148 a obchod RETAIL PARK SENICA \u2013 P\u00c1ROVCE\" width=\"500\" height=\"281\" src=\"https:\/\/www.youtube.com\/embed\/7uzTrPThTlc?feature=oembed\" frameborder=\"0\" allow=\"accelerometer; autoplay; clipboard-write; encrypted-media; gyroscope; picture-in-picture; web-share\" referrerpolicy=\"strict-origin-when-cross-origin\" allowfullscreen><\/iframe><\/p>\n<h1 class=\"title style-scope ytd-video-primary-info-renderer\"><span style=\"font-size: 12pt;\">Block of flats BC, D Rudiny II in \u017dilina&nbsp;<\/span><strong style=\"font-size: 12pt;\">06\/2020<\/strong><\/h1>\n<p><iframe loading=\"lazy\" title=\"KAMI PROFIT s.r.o. - Bytov\u00fd dom BC, D Rudiny II v \u017diline 06\/2020\" width=\"500\" height=\"281\" src=\"https:\/\/www.youtube.com\/embed\/Mjek-gx50QI?feature=oembed\" frameborder=\"0\" allow=\"accelerometer; autoplay; clipboard-write; encrypted-media; gyroscope; picture-in-picture; web-share\" referrerpolicy=\"strict-origin-when-cross-origin\" allowfullscreen><\/iframe><\/p>\n<h1><span style=\"font-size: 12pt;\"><strong>Promo video 2020<\/strong><\/span><\/h1>\n<p><iframe loading=\"lazy\" src=\"\/\/www.youtube.com\/embed\/uP6SfDXHRPE\" width=\"560\" height=\"314\" allowfullscreen=\"allowfullscreen\"><\/iframe><\/p>\n<h1><span style=\"font-size: 12pt;\"><strong>Kindergarten capacity extension \u2013 Z\u00e1horsk\u00e1 Bystrica Location<\/strong><\/span><\/h1>\n<p><iframe loading=\"lazy\" src=\"\/\/www.youtube.com\/embed\/x-l77nB39xI\" width=\"560\" height=\"314\" allowfullscreen=\"allowfullscreen\"><\/iframe><\/p>\n<h1><span style=\"font-size: 12pt;\"><strong>TTIP PO 01 administrative building reconstruction&nbsp; \u2013 Trnava Industrial Park II<\/strong><\/span><\/h1>\n<p><iframe loading=\"lazy\" src=\"\/\/www.youtube.com\/embed\/UwhxaJ6bqN4\" width=\"560\" height=\"314\" allowfullscreen=\"allowfullscreen\"><\/iframe><\/p>\n<h1><span style=\"font-size: 12pt;\"><strong>D4R7 highway \u2013 hot water pipe relaying Bratislava \u2013 Prievozsk\u00e1<\/strong><\/span><\/h1>\n<p><iframe loading=\"lazy\" src=\"\/\/www.youtube.com\/embed\/pMsSDufl110\" width=\"560\" height=\"314\" allowfullscreen=\"allowfullscreen\"><\/iframe><\/p>\n<h1><span style=\"font-size: 12pt;\"><strong>Promo video 2019<\/strong><\/span><\/h1>\n<p><iframe loading=\"lazy\" src=\"\/\/www.youtube.com\/embed\/DDBHYUho5sQ\" width=\"560\" height=\"314\" allowfullscreen=\"allowfullscreen\"><\/iframe><\/p>\n<h1><span style=\"font-size: 12pt;\"><strong>\u201cTHE CINEMA \u00daSMEV\u201d PROJECT<\/strong><\/span><\/h1>\n<h1><iframe loading=\"lazy\" src=\"\/\/www.youtube.com\/embed\/7tEnVBH9PjU\" width=\"560\" height=\"314\" allowfullscreen=\"allowfullscreen\"><\/iframe><\/h1>\n<h1><span style=\"font-size: 12pt;\"><strong>LEOPOLDOV \u2013 THE RECONSTRUCTION OF AN ADMINISTRATIVE BUILDING<\/strong><\/span><\/h1>\n<p><iframe loading=\"lazy\" src=\"\/\/www.youtube.com\/embed\/9g8D5lJE_Ms\" width=\"560\" height=\"314\" allowfullscreen=\"allowfullscreen\"><\/iframe><\/p>\n<p><strong>Kindergarten storey addition and common room in Roho\u017en\u00edk<\/strong><\/p>\n<p><iframe loading=\"lazy\" src=\"\/\/www.youtube.com\/embed\/n-GzchuTmzs\" width=\"560\" height=\"314\" allowfullscreen=\"allowfullscreen\"><\/iframe><\/p>\n<p><strong>KAMI PROFIT, s.r.o. &#8211;&nbsp;technical animation 3<\/strong><\/p>\n<p><iframe loading=\"lazy\" src=\"\/\/www.youtube.com\/embed\/NShvUJ-qtzI\" width=\"560\" height=\"314\" allowfullscreen=\"allowfullscreen\"><\/iframe><\/p>\n<p><strong>KAMI PROFIT, s.r.o. &#8211;&nbsp;technical animation 2<\/strong><\/p>\n<p><iframe loading=\"lazy\" src=\"\/\/www.youtube.com\/embed\/2eEypXlw9fM\" width=\"560\" height=\"314\" allowfullscreen=\"allowfullscreen\"><\/iframe><\/p>\n<p><strong>KAMI PROFIT, s.r.o. &#8211;&nbsp;technical animation 1<\/strong><\/p>\n<p><iframe loading=\"lazy\" src=\"\/\/www.youtube.com\/embed\/MX7651vzNKA\" width=\"560\" height=\"314\" allowfullscreen=\"allowfullscreen\"><\/iframe><\/p>\n<p><strong>Multipurpose complex RUDINY II. \u017dilina \u2013 THE SHOPPING MALL<\/strong><\/p>\n<p><iframe loading=\"lazy\" src=\"\/\/www.youtube.com\/embed\/9gVRnl8l8IQ\" width=\"560\" height=\"314\" allowfullscreen=\"allowfullscreen\"><\/iframe><\/p>\n<p><iframe loading=\"lazy\" src=\"\/\/www.youtube.com\/embed\/6XdhXkEB21c\" width=\"560\" height=\"314\" allowfullscreen=\"allowfullscreen\"><\/iframe><\/p>\n<p style=\"text-align: left;\"><iframe loading=\"lazy\" src=\"\/\/www.youtube.com\/embed\/PeKVaS6TmjM\" width=\"560\" height=\"314\" allowfullscreen=\"allowfullscreen\"><\/iframe><\/p>\n<p style=\"text-align: left;\"><iframe loading=\"lazy\" src=\"\/\/www.youtube.com\/embed\/5R33PpgQQVI\" width=\"560\" height=\"314\" allowfullscreen=\"allowfullscreen\"><\/iframe><\/p>\n<p><strong>Gym C\u00edfer<\/strong><\/p>\n<p style=\"text-align: left;\"><strong><iframe loading=\"lazy\" src=\"\/\/www.youtube.com\/embed\/MmHfv87FsCI\" width=\"560\" height=\"314\" allowfullscreen=\"allowfullscreen\"><\/iframe><\/strong><\/p>\n<p><strong>Shopping centre Tulip Martin<\/strong><\/p>\n<p style=\"text-align: left;\"><strong><iframe loading=\"lazy\" src=\"\/\/www.youtube.com\/embed\/6Uhy_yklrv4\" width=\"560\" height=\"314\" allowfullscreen=\"allowfullscreen\"><\/iframe><\/strong><\/p>\n<p style=\"text-align: left;\"><strong>HOME BOX Nitra<\/strong><\/p>\n<p style=\"text-align: left;\"><iframe loading=\"lazy\" src=\"\/\/www.youtube.com\/embed\/QdNlEPa1Y5A\" width=\"560\" height=\"314\" allowfullscreen=\"allowfullscreen\"><\/iframe><\/p>\n<p style=\"text-align: left;\"><strong>KAMI PROFIT, s.r.o. &#8211; promotional video<\/strong><\/p>\n<p style=\"text-align: left;\"><iframe loading=\"lazy\" src=\"\/\/www.youtube.com\/embed\/2n0_gDEMicI\" width=\"560\" height=\"314\" allowfullscreen=\"allowfullscreen\"><\/iframe><\/p>\n<p style=\"text-align: left;\"><strong>KAMI PROFIT, s.r.o. &#8211; neon logo animation<\/strong><\/p>\n<p style=\"text-align: left;\"><iframe loading=\"lazy\" src=\"\/\/www.youtube.com\/embed\/CQ-NM0Ar540\" width=\"560\" height=\"314\" allowfullscreen=\"allowfullscreen\"><\/iframe><\/p>\n<p style=\"text-align: left;\"><strong>KAMI PROFIT, s.r.o. &#8211; ENERGY logo<\/strong><\/p>\n<p style=\"text-align: left;\"><iframe loading=\"lazy\" src=\"\/\/www.youtube.com\/embed\/jMz7TMNE6ps\" width=\"560\" height=\"314\" allowfullscreen=\"allowfullscreen\"><\/iframe><\/p>\n<p style=\"text-align: left;\"><strong>KAMI PROFIT, s.r.o. &#8211; animation<\/strong><\/p>\n<p><iframe loading=\"lazy\" title=\"kami profit animacia\" width=\"500\" height=\"281\" src=\"https:\/\/www.youtube.com\/embed\/4gXnRvtV6-s?feature=oembed\" frameborder=\"0\" allow=\"accelerometer; autoplay; clipboard-write; encrypted-media; gyroscope; picture-in-picture; web-share\" referrerpolicy=\"strict-origin-when-cross-origin\" allowfullscreen><\/iframe><\/p>\n<p><strong>Reconstruction and superstructure of the WURTH multipurpose object<\/strong><\/p>\n<p><iframe loading=\"lazy\" title=\"Prestavba a nadstavba polyfunk\u010dn\u00e9ho objektu W\u00fcrth\" width=\"500\" height=\"281\" src=\"https:\/\/www.youtube.com\/embed\/_kmUZRlj7VA?feature=oembed\" frameborder=\"0\" allow=\"accelerometer; autoplay; clipboard-write; encrypted-media; gyroscope; picture-in-picture; web-share\" referrerpolicy=\"strict-origin-when-cross-origin\" allowfullscreen><\/iframe><\/p>\n<p><strong>SLOVNAFT petrol station in Pr\u00edstavn\u00e1 street in Bratislava<\/strong><\/p>\n<p><iframe loading=\"lazy\" title=\"\u010cS SLOVNAFT NA PR\u00cdSTAVNEJ ULICI V BRATISLAVE\" width=\"500\" height=\"281\" src=\"https:\/\/www.youtube.com\/embed\/WlVcW6t-qS0?feature=oembed\" frameborder=\"0\" allow=\"accelerometer; autoplay; clipboard-write; encrypted-media; gyroscope; picture-in-picture; web-share\" referrerpolicy=\"strict-origin-when-cross-origin\" allowfullscreen><\/iframe><\/p>\n<p><strong>Apartments in Brezno<\/strong><\/p>\n<p><iframe loading=\"lazy\" title=\"N\u00e1jomn\u00e9 byty Brezno\" width=\"500\" height=\"281\" src=\"https:\/\/www.youtube.com\/embed\/qWMRLcXHHig?feature=oembed\" frameborder=\"0\" allow=\"accelerometer; autoplay; clipboard-write; encrypted-media; gyroscope; picture-in-picture; web-share\" referrerpolicy=\"strict-origin-when-cross-origin\" allowfullscreen><\/iframe><\/p>","protected":false},"excerpt":{"rendered":"<p>NEW APARTMENT BUILDING WITH A KINDERGARTEN KYSUCK\u00c9 NOV\u00c9 MESTO \u2013 KAMENCE EAST &nbsp; CONSTRUCTION OF A PAVILION FOR TOP TECHNOLOGIES \u2013 ACCORD, ENG SUBTITLES &nbsp; LIPTOVSKY MIKULAS [&#8230;]<\/p>\n","protected":false},"author":11,"featured_media":30601,"parent":0,"menu_order":0,"comment_status":"open","ping_status":"open","template":"","meta":{"ngg_post_thumbnail":0,"footnotes":""},"class_list":["post-15692","page","type-page","status-publish","has-post-thumbnail","hentry"],"aioseo_notices":[],"meta_box":{"_profile_group_item":[]},"_links":{"self":[{"href":"https:\/\/www.kami-profit.sk\/en\/wp-json\/wp\/v2\/pages\/15692","targetHints":{"allow":["GET"]}}],"collection":[{"href":"https:\/\/www.kami-profit.sk\/en\/wp-json\/wp\/v2\/pages"}],"about":[{"href":"https:\/\/www.kami-profit.sk\/en\/wp-json\/wp\/v2\/types\/page"}],"author":[{"embeddable":true,"href":"https:\/\/www.kami-profit.sk\/en\/wp-json\/wp\/v2\/users\/11"}],"replies":[{"embeddable":true,"href":"https:\/\/www.kami-profit.sk\/en\/wp-json\/wp\/v2\/comments?post=15692"}],"version-history":[{"count":25,"href":"https:\/\/www.kami-profit.sk\/en\/wp-json\/wp\/v2\/pages\/15692\/revisions"}],"predecessor-version":[{"id":36614,"href":"https:\/\/www.kami-profit.sk\/en\/wp-json\/wp\/v2\/pages\/15692\/revisions\/36614"}],"wp:featuredmedia":[{"embeddable":true,"href":"https:\/\/www.kami-profit.sk\/en\/wp-json\/wp\/v2\/media\/30601"}],"wp:attachment":[{"href":"https:\/\/www.kami-profit.sk\/en\/wp-json\/wp\/v2\/media?parent=15692"}],"curies":[{"name":"wp","href":"https:\/\/api.w.org\/{rel}","templated":true}]}}