{"id":391,"date":"2012-03-12T18:20:29","date_gmt":"2012-03-12T18:20:29","guid":{"rendered":"http:\/\/www.kami-profit.sk\/?page_id=391"},"modified":"2026-04-08T16:45:26","modified_gmt":"2026-04-08T16:45:26","slug":"contact","status":"publish","type":"page","link":"https:\/\/www.kami-profit.sk\/en\/contact\/","title":{"rendered":"Contact"},"content":{"rendered":"<div class=\"column-group columns-3\">\n<div class=\"column column-number-1 column-span-1\">\n<p> <iframe loading=\"lazy\" style=\"border: 0;\" src=\"https:\/\/www.google.com\/maps\/embed?pb=!1m18!1m12!1m3!1d2659.5946330730735!2d17.194289351158492!3d48.195161355025604!2m3!1f0!2f0!3f0!3m2!1i1024!2i768!4f13.1!3m3!1m2!1s0x476c8faf4360fe1f%3A0x35621d22d0dcffc4!2sPr%C3%ADjazdn%C3%A1%2010171%2F7A%2C%20831%2007%20Bratislava!5e0!3m2!1ssk!2ssk!4v1573460827243!5m2!1ssk!2ssk\" width=\"100%\" height=\"250\" frameborder=\"0\" allowfullscreen=\"allowfullscreen\"><\/iframe> <\/p>\n<\/div>\n<div class=\"column column-number-2 column-span-1\">\n<div class=\"contactinfoitem\">\n<div class=\"contactitemtitle\">Head office<\/div>\n<div class=\"redbordertitlesingle\"><\/div>\n<div class=\"contactcontent\">\n<h5><a href=\"https:\/\/or.justice.cz\/ias\/ui\/rejstrik-firma.vysledky?subjektId=940905&amp;typ=PLATNY\" target=\"_blank\" rel=\"noopener noreferrer\">KAMI PROFIT, Ltd.<\/a><\/h5>\n<p><strong>Address:<\/strong> Pri starom letisku 17, 831 07 Bratislava<br \/>\n<strong>Mailing address:<\/strong><br \/>\nPr\u00edjazdn\u00e1 7\/A, 831 07 Bratislava<\/p>\n<p><strong>Phone:<\/strong> <a href=\"tel:+421220866007\">+421 220 866 007<\/a><br \/>\n<strong>Mail:<\/strong> <a href=\"mailto:info@kami-profit.sk\">info@kami-profit.sk<\/a>\n<\/div>\n<div class=\"clear\"><\/div>\n<\/div>\n<\/div>\n<div class=\"column column-number-3 last column-span-1\">\n<div class=\"contactinfoitem\">\n<div class=\"contactitemtitle\">Billing information<\/div>\n<div class=\"redbordertitlesingle\"><\/div>\n<div class=\"contactcontent\">\n<strong>Company ID:<\/strong> 35 943 301<br \/>\n<strong>VAT ID:<\/strong> SK 202 202 3872<\/p>\n<p><strong>Bank:<\/strong><br \/>\nIBAN SK70 1100 0000 0029 2986 9791<br \/>\nIBAN SK46 0200 0000 0040 3254 6751\n<\/div>\n<div class=\"clear\"><\/div>\n<\/div>\n<\/div>\n<\/div>\n<hr>\n<div class=\"column-group columns-3\">\n<div class=\"column column-number-1 column-span-1\">\n<p> <iframe loading=\"lazy\" style=\"border: 0;\" src=\"https:\/\/www.google.com\/maps\/embed?pb=!1m18!1m12!1m3!1d2573.7040281411755!2d18.173843251210037!3d49.82922773971044!2m3!1f0!2f0!3f0!3m2!1i1024!2i768!4f13.1!3m3!1m2!1s0x4713e3fe0ee8eb61%3A0xe091db07a7e53e6!2sSpoj%C5%AF%20835%2F2%2C%20708%2000%20Ostrava-Poruba%2C%20%C4%8Cesko!5e0!3m2!1ssk!2ssk!4v1573460963484!5m2!1ssk!2ssk\" width=\"100%\" height=\"250\" frameborder=\"0\" allowfullscreen=\"allowfullscreen\"><\/iframe> <\/p>\n<\/div>\n<div class=\"column column-number-3 last column-span-2\">\n<div class=\"contactinfoitem\">\n<div class=\"contactitemtitle\">spin-off<\/div>\n<div class=\"redbordertitlesingle\"><\/div>\n<div class=\"contactcontent\">\n<h5><a href=\"https:\/\/or.justice.cz\/ias\/ui\/rejstrik-firma.vysledky?subjektId=940905&amp;typ=PLATNY\" target=\"_blank\" rel=\"noopener noreferrer\">KAMI PROFIT, Ltd.<\/a>&nbsp;, spin-off<\/h5>\n<p><strong>Seat:<\/strong> Spoj\u016f 835\/2, 708 00 Ostrava<\/p>\n<p><strong>Company ID:<\/strong> 052 64 758<br \/>\n<strong>VAT ID:<\/strong> CZ683743702<br \/>\n<strong>Bank account:<\/strong> CZ2027000000002113261417<\/p>\n<p><strong>Phone:<\/strong> <a href=\"tel:+420773122331\">+420 604 210 640&nbsp;<\/a>,&nbsp;<a href=\"tel:+421220866007\">+421 220 866 007<\/a><br \/>\n<strong>Mail:<\/strong> <a href=\"mailto:info@kami-profit.cz\">info@kami-profit.cz<\/a><\/p>\n<\/div>\n<div class=\"clear\"><\/div>\n<\/div>\n<\/div>\n<\/div>\n<div class=\"column-group columns-3\">\n<div class=\"column column-number-1 column-span-1\">\n<p> <iframe loading=\"lazy\" style=\"border: 0;\" src=\"https:\/\/www.google.com\/maps\/embed?pb=!1m18!1m12!1m3!1d2573.7040281411755!2d18.173843251210037!3d49.82922773971044!2m3!1f0!2f0!3f0!3m2!1i1024!2i768!4f13.1!3m3!1m2!1s0x4713e3fe0ee8eb61%3A0xe091db07a7e53e6!2sSpoj%C5%AF%20835%2F2%2C%20708%2000%20Ostrava-Poruba%2C%20%C4%8Cesko!5e0!3m2!1ssk!2ssk!4v1573461563156!5m2!1ssk!2ssk\" width=\"100%\" height=\"250\" frameborder=\"0\" allowfullscreen=\"allowfullscreen\"><\/iframe> <\/p>\n<\/div>\n<div class=\"column column-number-3 last column-span-2\">\n<div class=\"contactinfoitem\">\n<div class=\"contactitemtitle\">KAMI PROFIT CZ, s.r.o.<\/div>\n<div class=\"redbordertitlesingle\"><\/div>\n<div class=\"contactcontent\">\n<h5><a href=\"https:\/\/or.justice.cz\/ias\/ui\/rejstrik-firma.vysledky?subjektId=348073&amp;typ=PLATNY\" target=\"_blank\" rel=\"noopener noreferrer\">KAMI PROFIT CZ,&nbsp;<\/a>Ltd.<\/h5>\n<p><strong>Seat:<\/strong> Spoj\u016f 835\/2, 708 00 Ostrava<\/p>\n<p><strong>Company ID:<\/strong> 284 63 463<br \/>\n<strong>VAT ID:<\/strong> CZ28463463<br \/>\n<strong>Bank account:<\/strong> CZ56 2700 0000 0021 1353 8674<\/p>\n<p><strong>Phone:<\/strong> <a href=\"tel:+420773122331\">+420 604 210 640&nbsp;<\/a>,&nbsp;<a href=\"tel:+421220866007\">+421 220 866 007<\/a><br \/>\n<strong>Mail:<\/strong> <a href=\"mailto:info@kami-profit.cz\">info@kami-profit.cz<\/a>\n<\/div>\n<div class=\"clear\"><\/div>\n<\/div>\n<\/div>\n<\/div>\n<div class=\"column-group columns-3\">\n<div class=\"column column-number-1 column-span-1\">\n<p> <iframe loading=\"lazy\" style=\"border: 0;\" src=\"https:\/\/www.google.com\/maps\/embed?pb=!1m18!1m12!1m3!1d2656.729754481697!2d16.437828551160205!3d48.25032945117833!2m3!1f0!2f0!3f0!3m2!1i1024!2i768!4f13.1!3m3!1m2!1s0x476d06bb5e8c3f6d%3A0xdde92aea8b77e6d5!2sDonaufelder%20Str.%20241%2C%201220%20Wien%2C%20Rak%C3%BAsko!5e0!3m2!1ssk!2ssk!4v1573461174597!5m2!1ssk!2ssk\" width=\"100%\" height=\"250\" frameborder=\"0\" allowfullscreen=\"allowfullscreen\"><\/iframe> <\/p>\n<\/div>\n<div class=\"column column-number-3 last column-span-2\">\n<div class=\"contactinfoitem\">\n<div class=\"contactitemtitle\">branch Austria<\/div>\n<div class=\"redbordertitlesingle\"><\/div>\n<div class=\"contactcontent\">\n<h5>KAMI PROFIT, Ltd., branch Austria<\/h5>\n<p><strong>Address:&nbsp;<\/strong>Donaufelder Stra\u00dfe 241, 1220 Wien<br \/>\n<strong>Mailing address:<\/strong> Pr\u00edjazdn\u00e1 7\/A, 831 07 Bratislava<\/p>\n<p><strong>Phone:&nbsp;<\/strong>&nbsp;<a href=\"tel:+421220866007\">+421 220 866 007<\/a><br \/>\n<strong>Mail:<\/strong> <a href=\"mailto:info@kami-profit.at\">info@kami-profit.at<\/a><\/p>\n<p><strong>Company ID:<\/strong> 35 943 301<br \/>\n<strong>VAT ID AT:<\/strong> ATU7133334\n<\/div>\n<div class=\"clear\"><\/div>\n<\/div>\n<\/div>\n<\/div>\n<div class=\"column-group columns-3\">\n<div class=\"column column-number-1 column-span-1\">\n<p><iframe loading=\"lazy\" style=\"border: 0;\" src=\"https:\/\/www.google.com\/maps\/embed?pb=!1m18!1m12!1m3!1d5255.484780058005!2d15.258416322662757!3d44.09215682590523!2m3!1f0!2f0!3f0!3m2!1i1024!2i768!4f13.1!3m3!1m2!1s0x4761fbf9f9941eed%3A0x5f3658229b1a634c!2sZADAR%20CRUISE%20PORT!5e0!3m2!1shr!2ssk!4v1775666036728!5m2!1shr!2ssk\" width=\"100%\" height=\"250\" allowfullscreen=\"allowfullscreen\"><\/iframe><\/p>\n<\/div>\n<div class=\"column column-number-3 last column-span-2\">\n<div class=\"contactinfoitem\">\n<div class=\"contactitemtitle\">KAMI PROFIT d.o.o.<\/div>\n<div class=\"redbordertitlesingle\"><\/div>\n<div class=\"contactcontent\">\n<h5><span style=\"font-size: 14pt;\">KAMI PROFIT d.o.o.<\/span><\/h5>\n<p><strong>Adress:<\/strong> Put Sv.Ivana 7, Preko &#8211; Ugljan Chorv\u00e1tsko<\/p>\n<p><strong>Email:<\/strong> hrvatska@kami-profit.sk<\/p>\n<p><strong>OIB: <\/strong>14537991364<\/p>\n<p><strong>VAT : <\/strong>HR6423400091111166766<\/p>\n<p><strong>Branch Manager: <\/strong>Ale\u0161 Jahnel<\/p>\n<p><strong>Phone :<\/strong> +386 313 026 19<br \/>\n<strong>Email :<\/strong> jahnel@kami-profit.sk<\/p>\n<\/div>\n<div class=\"clear\"><\/div>\n<\/div>\n<\/div>\n<\/div>\n<div class=\"column-group columns-3\">\n<div class=\"column column-number-1 column-span-1\">\n<p>&nbsp; <iframe loading=\"lazy\" style=\"border: 0;\" src=\"https:\/\/www.google.com\/maps\/embed?pb=!1m18!1m12!1m3!1d3304.6577483106007!2d-84.29741212364213!3d34.07828677314711!2m3!1f0!2f0!3f0!3m2!1i1024!2i768!4f13.1!3m3!1m2!1s0x88f575bce9451cc7%3A0xb2000e507d8e2406!2zMTAwIE4gTWFpbiBTdCwgQWxwaGFyZXR0YSwgR0EgMzAwMDksIFNwb2plbsOpIMWhdMOhdHkgYW1lcmlja8Op!5e0!3m2!1ssk!2ssk!4v1716366121796!5m2!1ssk!2ssk\" width=\"100%\" height=\"250\" allowfullscreen=\"allowfullscreen\"><\/iframe>&nbsp; <\/p>\n<\/div>\n<div class=\"column column-number-3 last column-span-2\">\n<div class=\"contactinfoitem\">\n<div class=\"contactitemtitle\">KAMI PROFIT, INC.<\/div>\n<div class=\"redbordertitlesingle\"><\/div>\n<div class=\"contactcontent\">\n<h5><span style=\"font-size: 14pt;\">KAMI PROFIT, INC.<\/span><\/h5>\n<p><strong>Adress :<\/strong> 100 N. Main Street, Suite 340, c\/o Chalmers, Adams, Backer &amp; Kaufman, LLC, Alpharetta, GA&nbsp;<\/p>\n<p>30009, USA<\/p>\n<p><strong>Executive manager : <\/strong>Norman Jung<\/p>\n<p><strong>Phone : <\/strong>+1 215 917 4472<\/p>\n<p><strong>Email : <\/strong>jung@kamidevelopers.com<\/p>\n<\/div>\n<div class=\"clear\"><\/div>\n<\/div>\n<\/div>\n<\/div>\n<div class=\"column-group columns-3\">\n<div class=\"column column-number-1 column-span-1\">\n<p>&nbsp; <iframe loading=\"lazy\" style=\"border: 0;\" src=\"https:\/\/www.google.com\/maps\/embed?pb=!1m18!1m12!1m3!1d1763.9382905682448!2d-82.63887933575964!3d27.84433109800643!2m3!1f0!2f0!3f0!3m2!1i1024!2i768!4f13.1!3m3!1m2!1s0x88c2e6a2b7eab4db%3A0x251ced89c2d75cc7!2s7901%204th%20St%20N%20STE%3A%20300%2C%20St.%20Petersburg%2C%20FL%2033702%2C%20Spojen%C3%A9%20%C5%A1t%C3%A1ty%20americk%C3%A9!5e0!3m2!1ssk!2ssk!4v1719578920091!5m2!1ssk!2ssk\" width=\"100%\" height=\"250\" allowfullscreen=\"allowfullscreen\"><\/iframe>&nbsp; <\/p>\n<\/div>\n<div class=\"column column-number-3 last column-span-2\">\n<div class=\"contactinfoitem\">\n<div class=\"contactitemtitle\">KAMI \u2013 DEVELOPERS USA INC<\/div>\n<div class=\"redbordertitlesingle\"><\/div>\n<div class=\"contactcontent\">\n<h5><span style=\"font-size: 14pt;\">KAMI \u2013 DEVELOPERS USA INC<\/span><\/h5>\n<p><strong>Adress:<\/strong> 7901 4TH ST N STE 300 ST PETERSBURG FL 33702<\/p>\n<p><strong>Executive manager: <\/strong>Norman Jung<\/p>\n<p><strong>Phone: <\/strong>+1 215 917 4472<\/p>\n<p><strong>Email: <\/strong>jung@kamidevelopers.com<\/p>\n<p><strong>Empleyer Identification Number: <\/strong>30-1414306<\/p>\n<\/div>\n<div class=\"clear\"><\/div>\n<\/div>\n<\/div><\/div>\n<p>&nbsp;<\/p>\n<p>&nbsp;<\/p>\n<p>&nbsp;<\/p>\n<hr>\n<h3>Contact list KAMI PROFIT, s.r.o.<\/h3>\n<div class=\"column-group columns-4\">\n<div class=\"column column-number-1 column-span-1\">\n<div class=\"contactinfoitem\">\n<div class=\"contactitemtitle\">Company management<\/div>\n<div class=\"redbordertitlesingle\"><\/div>\n<div class=\"contactcontent\">\n<strong>Ing. Mil\u00edn Ka\u0148u\u0161\u010d\u00e1k (CEO)&nbsp;<\/strong><br \/>\nPresident<\/p>\n<p><strong>Barbora Mikitov\u00e1<\/strong><br \/>\nPresident<\/p>\n<p><strong>Ing. Tom\u00e1\u0161 Madi&nbsp;<\/strong><br \/>\nDirector of company<\/p>\n<p><strong>Ing. Daniel Rimel<\/strong><br \/>\nDirector in the Czech Republic<br \/>\n<a href=\"tel:+420773122331\">+420 604 210 640<\/a>\n<\/div>\n<div class=\"clear\"><\/div>\n<\/div>\n<\/div>\n<div class=\"column column-number-2 column-span-1\">\n<div class=\"contactinfoitem\">\n<div class=\"contactitemtitle\">Personnel department and secretariat<\/div>\n<div class=\"redbordertitlesingle\"><\/div>\n<div class=\"contactcontent\">\n<p><strong>Mgr. Jana Besedov\u00e1<\/strong><br \/>\nHR manager<br \/>\n<a href=\"tel:+421905673991\">+421 905 241 618<\/a><\/p>\n<p><strong>Ter\u00e9zia Barokov\u00e1<\/strong><br \/>\nOffice mana\u017e\u00e9r<br \/>\n<a href=\"tel:+421915759693\">+421 915 813 122<\/a><\/p>\n<p><strong>Reception&nbsp;<\/strong><br \/>\n<a href=\"tel:+421220866007\">+421 220 866 007<\/a>\n<\/div>\n<div class=\"clear\"><\/div>\n<\/div>\n<\/div>\n<div class=\"column column-number-3 column-span-1\">\n<div class=\"contactinfoitem\">\n<div class=\"contactitemtitle\">Economic Department<\/div>\n<div class=\"redbordertitlesingle\"><\/div>\n<div class=\"contactcontent\">\n<p><strong>Ing. Alexandra Korbe\u013eov\u00e1<\/strong><a href=\"mailto:lassakova@kami-profit.sk\"><br \/>\n<\/a>Finance manager&nbsp;<a href=\"mailto:lassakova@kami-profit.sk\"><br \/>\n<\/a><a href=\"tel:+421918970990\">+421 918 970 990<\/a><\/p>\n<p><strong>Mgr. Barbora Jakubcov\u00e1<\/strong><br \/>\nJunior accountant<br \/>\n<a href=\"tel:+421905673991\">+421 915 759 693<\/a><\/p>\n<\/div>\n<div class=\"clear\"><\/div>\n<\/div>\n<\/div>\n<p>[\/column]<\/p>\n<div class=\"column column-number-4 last column-span-1\">\n<div class=\"contactinfoitem\">\n<div class=\"contactitemtitle\">Department of Commerce and Marketing<\/div>\n<div class=\"redbordertitlesingle\"><\/div>\n<div class=\"contactcontent\">\n<p><strong>Bc. Lenka Pomykaczov\u00e1&nbsp;<\/strong><br \/>\nBusiness and public procurement specialist<\/p>\n<p><a href=\"http:\/\/+421918949592\">+421918 949 592<\/a>\n<\/div>\n<div class=\"clear\"><\/div>\n<\/div>\n<\/div>\n<\/div>\n<div class=\"column column-number-5 column-span-1\">\n<div class=\"contactinfoitem\">\n<div class=\"contactitemtitle\">Complaint department<\/div>\n<div class=\"redbordertitlesingle\"><\/div>\n<div class=\"contactcontent\">\n<p><strong>Ing. Peter Babinec<\/strong><br \/>\nManager of the complaint department\n<\/div>\n<div class=\"clear\"><\/div>\n<\/div>\n<\/div>\n<p>&nbsp;<\/p>\n","protected":false},"excerpt":{"rendered":"<p>&nbsp; &nbsp; &nbsp; Contact list KAMI PROFIT, s.r.o. &nbsp;<\/p>\n","protected":false},"author":1,"featured_media":0,"parent":0,"menu_order":0,"comment_status":"open","ping_status":"open","template":"","meta":{"ngg_post_thumbnail":0,"footnotes":""},"class_list":["post-391","page","type-page","status-publish","hentry"],"aioseo_notices":[],"meta_box":{"_profile_group_item":[]},"_links":{"self":[{"href":"https:\/\/www.kami-profit.sk\/en\/wp-json\/wp\/v2\/pages\/391","targetHints":{"allow":["GET"]}}],"collection":[{"href":"https:\/\/www.kami-profit.sk\/en\/wp-json\/wp\/v2\/pages"}],"about":[{"href":"https:\/\/www.kami-profit.sk\/en\/wp-json\/wp\/v2\/types\/page"}],"author":[{"embeddable":true,"href":"https:\/\/www.kami-profit.sk\/en\/wp-json\/wp\/v2\/users\/1"}],"replies":[{"embeddable":true,"href":"https:\/\/www.kami-profit.sk\/en\/wp-json\/wp\/v2\/comments?post=391"}],"version-history":[{"count":174,"href":"https:\/\/www.kami-profit.sk\/en\/wp-json\/wp\/v2\/pages\/391\/revisions"}],"predecessor-version":[{"id":50804,"href":"https:\/\/www.kami-profit.sk\/en\/wp-json\/wp\/v2\/pages\/391\/revisions\/50804"}],"wp:attachment":[{"href":"https:\/\/www.kami-profit.sk\/en\/wp-json\/wp\/v2\/media?parent=391"}],"curies":[{"name":"wp","href":"https:\/\/api.w.org\/{rel}","templated":true}]}}